{"id":8271,"date":"2022-04-26T19:07:14","date_gmt":"2022-04-26T19:07:14","guid":{"rendered":"https:\/\/topsukienka.pl\/kids\/topo-sukienka-dziewczeca-9-13370-909-128-ciemnoniebieska\/"},"modified":"2022-04-26T19:07:14","modified_gmt":"2022-04-26T19:07:14","slug":"topo-sukienka-dziewczeca-9-13370-909-128-ciemnoniebieska","status":"publish","type":"product","link":"https:\/\/topsukienka.pl\/kids\/topo-sukienka-dziewczeca-9-13370-909-128-ciemnoniebieska\/","title":{"rendered":"Topo sukienka dziewcz\u0119ca 9-13370-909 128 ciemnoniebieska"},"content":{"rendered":"<p><img decoding=\"async\" style=\"margin-right: 25px; margin-bottom: 10px; width: 220px; padding: 0px 10px;\" src=\"https:\/\/static.convertiser.com\/media\/product_images\/186\/dd387395e55c24efdf4283d79e86a4b9\/ca8ab857eaff2a8e12affe67f26bd67eabfc52d5.jpg\" alt=\"sukienka w kolorze czerwonym Topo\" align=\"left\" \/><\/p>\n<h2>Sukienka dziewcz\u0119ca<\/h2>\n<p>CENA ORYGINALNA: 169.0 PLN<\/p>\n<div style=\"font-weight: bold; font-size: 18px;\">\n<p>UWAGA <span style=\"color: red;\">MAMY RABATY!<\/span><\/p>\n<p>Szczeg\u00f3\u0142owe parametry takie jak materia\u0142 tej <a style=\"text-decoration: underline; color: red;\" href=\"https:\/\/topsukienka.pl\/kids\/\">sukienki dziewcz\u0119cej<\/a> oraz aktualnie dost\u0119pne promocje sprawdzisz\u00a0 w sklepie Mall.pl. Modna kreacja Topo dla m\u0142odej modelki lub je\u017celi ta sukienka ma odpowiedni rozmiar \ud83d\ude42 to r\u00f3wnie\u017c dla Ciebie. Poczuj si\u0119 dziewcz\u0119co, kobieco i m\u0142odo lub spraw rado\u015b\u0107 m\u0142odej damie. Je\u017celi ta sukienka trafi\u0142a w Tw\u00f3j gust, przejd\u017a bezpo\u015brednio do sklepu gdzie jest ona dost\u0119pna dzisiaj, w naprawd\u0119 niewyg\u00f3rowanej cenie.<\/p>\n<p><span style=\"color: #fff; background-color: #000000; padding: 1px 7px;\"><strong>Topo<\/strong><\/span><strong><span style=\"margin-left: 5px; color: #fff; background-color: red; padding: 1px 7px;\">169.0 PLN<\/span><\/strong><\/p>\n<p>&nbsp;<\/p>\n<p>&nbsp;<\/p>\n<\/div>\n<p style=\"text-align: center; padding-bottom: 15px;\"><a style=\"color: #fff; font-size: 22px; background-color: red; padding: 9px; border-radius: 7px; text-decoration: underline;\" href=\"https:\/\/converti.se\/click\/d1a346a4-38e971db-b9bf8b53\/?deep_link=https%3A%2F%2Fwww.mall.pl%2Fsukienki-dzieciece%2Ftopo-sukienka-dziewczeca-9-13370-909-128-ciemnoniebieska&#038;sid=sukienki-dziewczece&#038;tag6=product&#038;tag8=dd387395e55c24efdf4283d79e86a4b9&#038;tag9=Topo+sukienka+dziewcz%C4%99ca+9-13370-909+128+ciemnoniebieska\" target=\"_blank\" rel=\"nofollow noopener\">Kup teraz <\/a><\/p>\n<p>&nbsp;<\/p>\n","protected":false},"excerpt":{"rendered":"<p>Topo sukienka dziewcz\u0119ca. Cechy i zalety: <\/p>\n<ul style='padding-left: 10px; padding-bottom: 10px;'>\n<li style='padding-top: 10px;'>Sukienka dziewcz\u0119ca marki Topo wykonana z wygodnego materia\u0142u, z oryginaln\u0105 kieszeni\u0105 typu kangurka.<\/ul>\n","protected":false},"featured_media":8272,"comment_status":"closed","ping_status":"open","template":"","meta":[],"product_cat":[62],"product_tag":[],"class_list":{"0":"post-8271","1":"product","2":"type-product","3":"status-publish","5":"hentry","6":"product_cat-topo","7":"pa_producent-topo","8":"pa_sklep-mall-pl"},"_links":{"self":[{"href":"https:\/\/topsukienka.pl\/kids\/wp-json\/wp\/v2\/product\/8271","targetHints":{"allow":["GET"]}}],"collection":[{"href":"https:\/\/topsukienka.pl\/kids\/wp-json\/wp\/v2\/product"}],"about":[{"href":"https:\/\/topsukienka.pl\/kids\/wp-json\/wp\/v2\/types\/product"}],"replies":[{"embeddable":true,"href":"https:\/\/topsukienka.pl\/kids\/wp-json\/wp\/v2\/comments?post=8271"}],"wp:featuredmedia":[{"embeddable":true,"href":"https:\/\/topsukienka.pl\/kids\/wp-json\/wp\/v2\/media\/8272"}],"wp:attachment":[{"href":"https:\/\/topsukienka.pl\/kids\/wp-json\/wp\/v2\/media?parent=8271"}],"wp:term":[{"taxonomy":"product_cat","embeddable":true,"href":"https:\/\/topsukienka.pl\/kids\/wp-json\/wp\/v2\/product_cat?post=8271"},{"taxonomy":"product_tag","embeddable":true,"href":"https:\/\/topsukienka.pl\/kids\/wp-json\/wp\/v2\/product_tag?post=8271"}],"curies":[{"name":"wp","href":"https:\/\/api.w.org\/{rel}","templated":true}]}}