{"id":8219,"date":"2022-04-26T19:06:40","date_gmt":"2022-04-26T19:06:40","guid":{"rendered":"https:\/\/topsukienka.pl\/kids\/szaro-rozowa-dziewczeca-sukienka-z-falbanka-z-kontrastowymi-lamowkami-z-dlugim-rekawem\/"},"modified":"2022-04-26T19:06:46","modified_gmt":"2022-04-26T19:06:46","slug":"szaro-rozowa-dziewczeca-sukienka-z-falbanka-z-kontrastowymi-lamowkami-z-dlugim-rekawem","status":"publish","type":"product","link":"https:\/\/topsukienka.pl\/kids\/szaro-rozowa-dziewczeca-sukienka-z-falbanka-z-kontrastowymi-lamowkami-z-dlugim-rekawem\/","title":{"rendered":"Szaro-r\u00f3\u017cowa Dziewcz\u0119ca Sukienka z Falbank\u0105 z Kontrastowymi Lam\u00f3wkami z D\u0142ugim R\u0119kawem"},"content":{"rendered":"<p><img decoding=\"async\" style=\"margin-right: 25px; margin-bottom: 10px; width: 220px; padding: 0px 10px;\" src=\"https:\/\/static.convertiser.com\/media\/product_images\/157\/72cb929f5905b8d863f92fcd2f02d7d0\/4c78538f8cbb1258d77587490a2f1292da00f7f0.jpg\" alt=\"sukienka w kolorze czerwonym Katrus\" align=\"left\" \/><\/p>\n<h2>Sukienka dziewcz\u0119ca<\/h2>\n<p>CENA ORYGINALNA: 155.9 PLN<\/p>\n<div style=\"font-weight: bold; font-size: 18px;\">\n<p>UWAGA <span style=\"color: red;\">MAMY RABATY!<\/span><\/p>\n<p>Szczeg\u00f3\u0142owe parametry takie jak materia\u0142 tej <a style=\"text-decoration: underline; color: red;\" href=\"https:\/\/topsukienka.pl\/kids\/\">sukienki dziewcz\u0119cej<\/a> oraz aktualnie dost\u0119pne promocje sprawdzisz\u00a0 w sklepie Molly. Modna kreacja Katrus dla m\u0142odej modelki lub je\u017celi ta sukienka ma odpowiedni rozmiar \ud83d\ude42 to r\u00f3wnie\u017c dla Ciebie. Poczuj si\u0119 dziewcz\u0119co, kobieco i m\u0142odo lub spraw rado\u015b\u0107 m\u0142odej damie. Je\u017celi ta sukienka trafi\u0142a w Tw\u00f3j gust, przejd\u017a bezpo\u015brednio do sklepu gdzie jest ona dost\u0119pna dzisiaj, w naprawd\u0119 niewyg\u00f3rowanej cenie.<\/p>\n<p><span style=\"color: #fff; background-color: #000000; padding: 1px 7px;\"><strong>Katrus<\/strong><\/span><strong><span style=\"margin-left: 5px; color: #fff; background-color: red; padding: 1px 7px;\">155.9 PLN<\/span><\/strong><\/p>\n<p>&nbsp;<\/p>\n<p>&nbsp;<\/p>\n<\/div>\n<p style=\"text-align: center; padding-bottom: 15px;\"><a style=\"color: #fff; font-size: 22px; background-color: red; padding: 9px; border-radius: 7px; text-decoration: underline;\" href=\"https:\/\/converti.se\/click\/d1a346a4-38e971db-b9bc8c54\/?deep_link=https%3A%2F%2Fmolly.pl%2Fsukienki%2Fszaro-rozowa_dziewczeca_sukienka_z_falbanka_z_kontrastowymi_lamowkami_z_dlugim_rekawem.html&#038;sid=sukienki-dziewczece&#038;tag6=product&#038;tag8=72cb929f5905b8d863f92fcd2f02d7d0&#038;tag9=Szaro-r%C3%B3%C5%BCowa+Dziewcz%C4%99ca+Sukienka+z+Falbank%C4%85+z+Kontrastowymi+Lam%C3%B3wkami+z+D%C5%82ugim+R%C4%99kawem\" target=\"_blank\" rel=\"nofollow noopener\">Kup teraz <\/a><\/p>\n<p>&nbsp;<\/p>\n","protected":false},"excerpt":{"rendered":"<p>Szaro-r\u00f3\u017cowa Dziewcz\u0119ca Sukienka. Cechy i zalety: <\/p>\n<ul style='padding-left: 10px; padding-bottom: 10px;'>\n<li style='padding-top: 10px;'>Materia\u0142: bawe\u0142na 75% poliester 20% elastan 5%.Dost\u0119pne rozmiary: XL (42).Warianty kolorystyczne: r\u00f3\u017cowy, zielony.<\/ul>\n","protected":false},"featured_media":8220,"comment_status":"closed","ping_status":"open","template":"","meta":[],"product_cat":[82],"product_tag":[],"class_list":{"0":"post-8219","1":"product","2":"type-product","3":"status-publish","5":"hentry","6":"product_cat-katrus","7":"pa_producent-katrus","8":"pa_sklep-molly"},"_links":{"self":[{"href":"https:\/\/topsukienka.pl\/kids\/wp-json\/wp\/v2\/product\/8219","targetHints":{"allow":["GET"]}}],"collection":[{"href":"https:\/\/topsukienka.pl\/kids\/wp-json\/wp\/v2\/product"}],"about":[{"href":"https:\/\/topsukienka.pl\/kids\/wp-json\/wp\/v2\/types\/product"}],"replies":[{"embeddable":true,"href":"https:\/\/topsukienka.pl\/kids\/wp-json\/wp\/v2\/comments?post=8219"}],"wp:featuredmedia":[{"embeddable":true,"href":"https:\/\/topsukienka.pl\/kids\/wp-json\/wp\/v2\/media\/8220"}],"wp:attachment":[{"href":"https:\/\/topsukienka.pl\/kids\/wp-json\/wp\/v2\/media?parent=8219"}],"wp:term":[{"taxonomy":"product_cat","embeddable":true,"href":"https:\/\/topsukienka.pl\/kids\/wp-json\/wp\/v2\/product_cat?post=8219"},{"taxonomy":"product_tag","embeddable":true,"href":"https:\/\/topsukienka.pl\/kids\/wp-json\/wp\/v2\/product_tag?post=8219"}],"curies":[{"name":"wp","href":"https:\/\/api.w.org\/{rel}","templated":true}]}}