{"id":8127,"date":"2022-04-26T19:05:47","date_gmt":"2022-04-26T19:05:47","guid":{"rendered":"https:\/\/topsukienka.pl\/kids\/hatley-sukienka-dziewczeca-98-rozowa\/"},"modified":"2022-04-26T19:05:49","modified_gmt":"2022-04-26T19:05:49","slug":"hatley-sukienka-dziewczeca-98-rozowa","status":"publish","type":"product","link":"https:\/\/topsukienka.pl\/kids\/hatley-sukienka-dziewczeca-98-rozowa\/","title":{"rendered":"Hatley sukienka dziewcz\u0119ca 98, r\u00f3\u017cowa"},"content":{"rendered":"<p><img decoding=\"async\" style=\"margin-right: 25px; margin-bottom: 10px; width: 220px; padding: 0px 10px;\" src=\"https:\/\/static.convertiser.com\/media\/product_images\/186\/34a1ad6584eb10e43a3330f0be131acd\/1b6e78dce081bb54cc03259d249b404a3936c863.jpg\" alt=\"sukienka w kolorze czerwonym Hatley\" align=\"left\" \/><\/p>\n<h2>Sukienka dziewcz\u0119ca<\/h2>\n<p>CENA ORYGINALNA: 129.0 PLN<\/p>\n<div style=\"font-weight: bold; font-size: 18px;\">\n<p>UWAGA <span style=\"color: red;\">MAMY RABATY!<\/span><\/p>\n<p>Szczeg\u00f3\u0142owe parametry takie jak materia\u0142 tej <a style=\"text-decoration: underline; color: red;\" href=\"https:\/\/topsukienka.pl\/kids\/\">sukienki dziewcz\u0119cej<\/a> oraz aktualnie dost\u0119pne promocje sprawdzisz\u00a0 w sklepie Mall.pl. Modna kreacja Hatley dla m\u0142odej modelki lub je\u017celi ta sukienka ma odpowiedni rozmiar \ud83d\ude42 to r\u00f3wnie\u017c dla Ciebie. Poczuj si\u0119 dziewcz\u0119co, kobieco i m\u0142odo lub spraw rado\u015b\u0107 m\u0142odej damie. Je\u017celi ta sukienka trafi\u0142a w Tw\u00f3j gust, przejd\u017a bezpo\u015brednio do sklepu gdzie jest ona dost\u0119pna dzisiaj, w naprawd\u0119 niewyg\u00f3rowanej cenie.<\/p>\n<p><span style=\"color: #fff; background-color: #000000; padding: 1px 7px;\"><strong>Hatley<\/strong><\/span><strong><span style=\"margin-left: 5px; color: #fff; background-color: red; padding: 1px 7px;\">129.0 PLN<\/span><\/strong><\/p>\n<p>&nbsp;<\/p>\n<p>&nbsp;<\/p>\n<\/div>\n<p style=\"text-align: center; padding-bottom: 15px;\"><a style=\"color: #fff; font-size: 22px; background-color: red; padding: 9px; border-radius: 7px; text-decoration: underline;\" href=\"https:\/\/converti.se\/click\/d1a346a4-38e971db-b9bf8b53\/?deep_link=https%3A%2F%2Fwww.mall.pl%2Fsukienki-dla-niemowlat%2Fhatley-sukienka-dziewczeca-98-rozowa-1471675001&#038;sid=sukienki-dziewczece&#038;tag6=product&#038;tag8=34a1ad6584eb10e43a3330f0be131acd&#038;tag9=Hatley+sukienka+dziewcz%C4%99ca+98%2C+r%C3%B3%C5%BCowa\" target=\"_blank\" rel=\"nofollow noopener\">Kup teraz <\/a><\/p>\n<p>&nbsp;<\/p>\n","protected":false},"excerpt":{"rendered":"<p>Hatley sukienka dziewcz\u0119ca. Cechy i zalety: <\/p>\n<ul style='padding-left: 10px; padding-bottom: 10px;'>\n<li style='padding-top: 10px;'>Wyj\u0105tkowa sukienka dziewcz\u0119ca marki Hatley przeznaczona dla wszystkich mi\u0142o\u015bniczek jednoro\u017cc\u00f3w\n<li style='padding-top: 10px;'>R\u00f3\u017cowa sukienka z nadrukiem w jednoro\u017cce b\u0119dzie pasowa\u0107 ka\u017cdej ma\u0142ej dziewczynce\n<li style='padding-top: 10px;'>Przyjemny materia\u0142 bawe\u0142niany to idealny wyb\u00f3r na gor\u0105ce, letnie dni.<\/ul>\n","protected":false},"featured_media":8128,"comment_status":"closed","ping_status":"open","template":"","meta":[],"product_cat":[56],"product_tag":[],"class_list":{"0":"post-8127","1":"product","2":"type-product","3":"status-publish","5":"hentry","6":"product_cat-hatley","7":"pa_producent-hatley","8":"pa_sklep-mall-pl"},"_links":{"self":[{"href":"https:\/\/topsukienka.pl\/kids\/wp-json\/wp\/v2\/product\/8127","targetHints":{"allow":["GET"]}}],"collection":[{"href":"https:\/\/topsukienka.pl\/kids\/wp-json\/wp\/v2\/product"}],"about":[{"href":"https:\/\/topsukienka.pl\/kids\/wp-json\/wp\/v2\/types\/product"}],"replies":[{"embeddable":true,"href":"https:\/\/topsukienka.pl\/kids\/wp-json\/wp\/v2\/comments?post=8127"}],"wp:featuredmedia":[{"embeddable":true,"href":"https:\/\/topsukienka.pl\/kids\/wp-json\/wp\/v2\/media\/8128"}],"wp:attachment":[{"href":"https:\/\/topsukienka.pl\/kids\/wp-json\/wp\/v2\/media?parent=8127"}],"wp:term":[{"taxonomy":"product_cat","embeddable":true,"href":"https:\/\/topsukienka.pl\/kids\/wp-json\/wp\/v2\/product_cat?post=8127"},{"taxonomy":"product_tag","embeddable":true,"href":"https:\/\/topsukienka.pl\/kids\/wp-json\/wp\/v2\/product_tag?post=8127"}],"curies":[{"name":"wp","href":"https:\/\/api.w.org\/{rel}","templated":true}]}}