{"id":7971,"date":"2022-04-26T19:04:14","date_gmt":"2022-04-26T19:04:14","guid":{"rendered":"https:\/\/topsukienka.pl\/kids\/dziewczeca-pudrowa-sukienka-z-podwojna-spodnica\/"},"modified":"2022-04-26T19:04:16","modified_gmt":"2022-04-26T19:04:16","slug":"dziewczeca-pudrowa-sukienka-z-podwojna-spodnica","status":"publish","type":"product","link":"https:\/\/topsukienka.pl\/kids\/dziewczeca-pudrowa-sukienka-z-podwojna-spodnica\/","title":{"rendered":"Dziewcz\u0119ca pudrowa sukienka z podw\u00f3jn\u0105 sp\u00f3dnic\u0105"},"content":{"rendered":"<p><img decoding=\"async\" style=\"margin-right: 25px; margin-bottom: 10px; width: 220px; padding: 0px 10px;\" src=\"https:\/\/static.convertiser.com\/media\/product_images\/343\/2eabb72df0a032347d093a2b7d854d2d\/d3178ff1e6e69b6c2d57d2ee501ea604029282eb.jpg\" alt=\"sukienka w kolorze czerwonym Numoco\" align=\"left\" \/><\/p>\n<h2>Sukienka dziewcz\u0119ca<\/h2>\n<p>CENA ORYGINALNA: 219.0 PLN<\/p>\n<div style=\"font-weight: bold; font-size: 18px;\">\n<p>UWAGA <span style=\"color: red;\">MAMY RABATY!<\/span><\/p>\n<p>Szczeg\u00f3\u0142owe parametry takie jak materia\u0142 tej <a style=\"text-decoration: underline; color: red;\" href=\"https:\/\/topsukienka.pl\/kids\/\">sukienki dziewcz\u0119cej<\/a> oraz aktualnie dost\u0119pne promocje sprawdzisz\u00a0 w sklepie Sukienki.shop. Modna kreacja Numoco dla m\u0142odej modelki lub je\u017celi ta sukienka ma odpowiedni rozmiar \ud83d\ude42 to r\u00f3wnie\u017c dla Ciebie. Poczuj si\u0119 dziewcz\u0119co, kobieco i m\u0142odo lub spraw rado\u015b\u0107 m\u0142odej damie. Je\u017celi ta sukienka trafi\u0142a w Tw\u00f3j gust, przejd\u017a bezpo\u015brednio do sklepu gdzie jest ona dost\u0119pna dzisiaj, w naprawd\u0119 niewyg\u00f3rowanej cenie.<\/p>\n<p><span style=\"color: #fff; background-color: #000000; padding: 1px 7px;\"><strong>Numoco<\/strong><\/span><strong><span style=\"margin-left: 5px; color: #fff; background-color: red; padding: 1px 7px;\">219.0 PLN<\/span><\/strong><\/p>\n<p>&nbsp;<\/p>\n<p>&nbsp;<\/p>\n<\/div>\n<p style=\"text-align: center; padding-bottom: 15px;\"><a style=\"color: #fff; font-size: 22px; background-color: red; padding: 9px; border-radius: 7px; text-decoration: underline;\" href=\"https:\/\/converti.se\/click\/d1a346a4-38e971db-b9bb8b54\/?deep_link=https%3A%2F%2Fsukienki.shop%2Fpl%2Fproducts%2Fdziewczeca-pudrowa-sukienka-z-podwojna-spodnica-41215.googleshoppingpl%3Fselected_size%3D5&#038;sid=sukienki-dziewczece&#038;tag6=product&#038;tag8=2eabb72df0a032347d093a2b7d854d2d&#038;tag9=Dziewcz%C4%99ca+pudrowa+sukienka+z+podw%C3%B3jn%C4%85+sp%C3%B3dnic%C4%85\" target=\"_blank\" rel=\"nofollow noopener\">Kup teraz <\/a><\/p>\n<p>&nbsp;<\/p>\n","protected":false},"excerpt":{"rendered":"<p>Dziewcz\u0119ca pudrowa sukienka. Cechy i zalety: <\/p>\n<ul style='padding-left: 10px; padding-bottom: 10px;'>\n<li style='padding-top: 10px;'>Sukienka z podw\u00f3jn\u0105 sp\u00f3dnic\u0105, szerok\u0105 gum\u0105 w pasie i bufiastym r\u0119kawkiem, kolor brudny r\u00f3\u017c.\u00a0Dobierz do niej swoje ulubione dodatki i stw\u00f3rz w\u0142asn\u0105, wyj\u0105tkow\u0105 stylizacj\u0119\n<li style='padding-top: 10px;'>Bardzo dobra jako\u015b\u0107, sukienka zosta\u0142a uszyta w Polsce.Sk\u0142ad:\u00a0Elastan 5 %\u00a0Polyester 95 %\u00a0Wymiary mierzone s\u0105 na p\u0142asko, bez rozci\u0105gania materia\u0142u.R\u00f3\u017cnica mo\u017ce wynosi\u0107 +\/- 1 cm.Rozmiar S: Obw\u00f3d w biu\u015bcie 92 cm | Obw\u00f3d w biodrach 108 cm | Obw\u00f3d w talii 68 cm | D\u0142ugo\u015b\u0107 86 cmRozmiar M: Obw\u00f3d w biu\u015bcie 96 cm | Obw\u00f3d w biodrach 110 cm | Obw\u00f3d w talii 70 cm | D\u0142ugo\u015b\u0107 86 cmRozmiar L: Obw\u00f3d w biu\u015bcie 102 cm | Obw\u00f3d w biodrach 114 cm | Obw\u00f3d w talii 72 cm | D\u0142ugo\u015b\u0107 90 cmRozmiar XL: Obw\u00f3d w biu\u015bcie 106 cm | Obw\u00f3d w biodrach 118 cm | Obw\u00f3d w talii 74 cm | D\u0142ugo\u015b\u0107 93 cmModel 289-1<\/ul>\n","protected":false},"featured_media":7972,"comment_status":"closed","ping_status":"open","template":"","meta":[],"product_cat":[76],"product_tag":[],"class_list":{"0":"post-7971","1":"product","2":"type-product","3":"status-publish","5":"hentry","6":"product_cat-numoco","7":"pa_producent-numoco","8":"pa_sklep-sukienki-shop"},"_links":{"self":[{"href":"https:\/\/topsukienka.pl\/kids\/wp-json\/wp\/v2\/product\/7971","targetHints":{"allow":["GET"]}}],"collection":[{"href":"https:\/\/topsukienka.pl\/kids\/wp-json\/wp\/v2\/product"}],"about":[{"href":"https:\/\/topsukienka.pl\/kids\/wp-json\/wp\/v2\/types\/product"}],"replies":[{"embeddable":true,"href":"https:\/\/topsukienka.pl\/kids\/wp-json\/wp\/v2\/comments?post=7971"}],"wp:featuredmedia":[{"embeddable":true,"href":"https:\/\/topsukienka.pl\/kids\/wp-json\/wp\/v2\/media\/7972"}],"wp:attachment":[{"href":"https:\/\/topsukienka.pl\/kids\/wp-json\/wp\/v2\/media?parent=7971"}],"wp:term":[{"taxonomy":"product_cat","embeddable":true,"href":"https:\/\/topsukienka.pl\/kids\/wp-json\/wp\/v2\/product_cat?post=7971"},{"taxonomy":"product_tag","embeddable":true,"href":"https:\/\/topsukienka.pl\/kids\/wp-json\/wp\/v2\/product_tag?post=7971"}],"curies":[{"name":"wp","href":"https:\/\/api.w.org\/{rel}","templated":true}]}}