{"id":7637,"date":"2022-04-26T19:08:17","date_gmt":"2022-04-26T19:08:17","guid":{"rendered":"https:\/\/topsukienka.pl\/kids\/sukienka-letnia-dziewczeca-2-szt-w-opak\/"},"modified":"2022-04-26T19:08:24","modified_gmt":"2022-04-26T19:08:24","slug":"sukienka-letnia-dziewczeca-2-szt-w-opak","status":"publish","type":"product","link":"https:\/\/topsukienka.pl\/kids\/sukienka-letnia-dziewczeca-2-szt-w-opak\/","title":{"rendered":"Sukienka letnia dziewcz\u0119ca (2 szt. w opak.)"},"content":{"rendered":"<p><img decoding=\"async\" style=\"margin-right: 25px; margin-bottom: 10px; width: 220px; padding: 0px 10px;\" src=\"https:\/\/static.convertiser.com\/media\/product_images\/45\/c1580c7c7c10795f9f0af03ae4118673\/a757aa7260a6ed978a35f44159309b8120d04911.jpg\" alt=\"sukienka w kolorze czerwonym bonprix\" align=\"left\" \/><\/p>\n<h2>Sukienka dziewcz\u0119ca<\/h2>\n<p>CENA ORYGINALNA: 79.98 PLN<\/p>\n<div style=\"font-weight: bold; font-size: 18px;\">\n<p>UWAGA <span style=\"color: red;\">MAMY RABATY!<\/span><\/p>\n<p>Szczeg\u00f3\u0142owe parametry takie jak materia\u0142 tej <a style=\"text-decoration: underline; color: red;\" href=\"https:\/\/topsukienka.pl\/kids\/\">sukienki dziewcz\u0119cej<\/a> oraz aktualnie dost\u0119pne promocje sprawdzisz\u00a0 w sklepie BonPrix.pl. Modna kreacja bonprix dla m\u0142odej modelki lub je\u017celi ta sukienka ma odpowiedni rozmiar \ud83d\ude42 to r\u00f3wnie\u017c dla Ciebie. Poczuj si\u0119 dziewcz\u0119co, kobieco i m\u0142odo lub spraw rado\u015b\u0107 m\u0142odej damie. Je\u017celi ta sukienka trafi\u0142a w Tw\u00f3j gust, przejd\u017a bezpo\u015brednio do sklepu gdzie jest ona dost\u0119pna dzisiaj, w naprawd\u0119 niewyg\u00f3rowanej cenie.<\/p>\n<p><span style=\"color: #fff; background-color: #000000; padding: 1px 7px;\"><strong>bonprix<\/strong><\/span><strong><span style=\"margin-left: 5px; color: #fff; background-color: red; padding: 1px 7px;\">79.98 PLN<\/span><\/strong><\/p>\n<p>&nbsp;<\/p>\n<p>&nbsp;<\/p>\n<\/div>\n<p style=\"text-align: center; padding-bottom: 15px;\"><a style=\"color: #fff; font-size: 22px; background-color: red; padding: 9px; border-radius: 7px; text-decoration: underline;\" href=\"https:\/\/converti.se\/click\/d1a346a4-38e971db-b9bf8b55\/?deep_link=https%3A%2F%2Fwww.bonprix.pl%2Fstyle%2Fsukienka-letnia-dziewczeca-2-szt-w-opak-749417596%2F%3Futm_source%3DAFF%26utm_medium%3Dtradedoubler%26utm_content%3Ddatenfeed&#038;sid=sukienki-dziewczece&#038;tag6=product&#038;tag8=c1580c7c7c10795f9f0af03ae4118673&#038;tag9=Sukienka+letnia+dziewcz%C4%99ca+%282+szt.+w+opak.%29\" target=\"_blank\" rel=\"nofollow noopener\">Kup teraz <\/a><\/p>\n<p>&nbsp;<\/p>\n","protected":false},"excerpt":{"rendered":"<p>Sukienka letnia dziewcz\u0119ca. Cechy i zalety: <\/p>\n<ul style='padding-left: 10px; padding-bottom: 10px;'>\n<li style='padding-top: 10px;'>W komplecie 2 sukienki: 1x w motyle, 1x w paski, na cienkich regulowanych rami\u0105czkach\n<li style='padding-top: 10px;'>W talii gumka.<\/ul>\n","protected":false},"featured_media":8368,"comment_status":"closed","ping_status":"open","template":"","meta":[],"product_cat":[57],"product_tag":[],"class_list":{"0":"post-7637","1":"product","2":"type-product","3":"status-publish","5":"hentry","6":"product_cat-bonprix","7":"pa_producent-bonprix","8":"pa_sklep-bonprix-pl"},"_links":{"self":[{"href":"https:\/\/topsukienka.pl\/kids\/wp-json\/wp\/v2\/product\/7637","targetHints":{"allow":["GET"]}}],"collection":[{"href":"https:\/\/topsukienka.pl\/kids\/wp-json\/wp\/v2\/product"}],"about":[{"href":"https:\/\/topsukienka.pl\/kids\/wp-json\/wp\/v2\/types\/product"}],"replies":[{"embeddable":true,"href":"https:\/\/topsukienka.pl\/kids\/wp-json\/wp\/v2\/comments?post=7637"}],"wp:featuredmedia":[{"embeddable":true,"href":"https:\/\/topsukienka.pl\/kids\/wp-json\/wp\/v2\/media\/8368"}],"wp:attachment":[{"href":"https:\/\/topsukienka.pl\/kids\/wp-json\/wp\/v2\/media?parent=7637"}],"wp:term":[{"taxonomy":"product_cat","embeddable":true,"href":"https:\/\/topsukienka.pl\/kids\/wp-json\/wp\/v2\/product_cat?post=7637"},{"taxonomy":"product_tag","embeddable":true,"href":"https:\/\/topsukienka.pl\/kids\/wp-json\/wp\/v2\/product_tag?post=7637"}],"curies":[{"name":"wp","href":"https:\/\/api.w.org\/{rel}","templated":true}]}}