{"id":7472,"date":"2022-04-26T19:06:40","date_gmt":"2022-04-26T19:06:40","guid":{"rendered":"https:\/\/topsukienka.pl\/kids\/s-oliver-sukienka-dziewczeca-92-wielokolorowa\/"},"modified":"2022-04-26T19:06:48","modified_gmt":"2022-04-26T19:06:48","slug":"s-oliver-sukienka-dziewczeca-92-wielokolorowa","status":"publish","type":"product","link":"https:\/\/topsukienka.pl\/kids\/s-oliver-sukienka-dziewczeca-92-wielokolorowa\/","title":{"rendered":"s.Oliver sukienka dziewcz\u0119ca 92 wielokolorowa"},"content":{"rendered":"<p><img decoding=\"async\" style=\"margin-right: 25px; margin-bottom: 10px; width: 220px; padding: 0px 10px;\" src=\"https:\/\/static.convertiser.com\/media\/product_images\/186\/02ff28dcf295d970665fd25db12e7412\/fb48c463f8a5d03a6423cc44255a464ffc27af21.jpg\" alt=\"sukienka w kolorze czerwonym s.Oliver\" align=\"left\" \/><\/p>\n<h2>Sukienka dziewcz\u0119ca<\/h2>\n<p>CENA ORYGINALNA: 129.0 PLN<\/p>\n<div style=\"font-weight: bold; font-size: 18px;\">\n<p>UWAGA <span style=\"color: red;\">MAMY RABATY!<\/span><\/p>\n<p>Szczeg\u00f3\u0142owe parametry takie jak materia\u0142 tej <a style=\"text-decoration: underline; color: red;\" href=\"https:\/\/topsukienka.pl\/kids\/\">sukienki dziewcz\u0119cej<\/a> oraz aktualnie dost\u0119pne promocje sprawdzisz\u00a0 w sklepie Mall.pl. Modna kreacja s.Oliver dla m\u0142odej modelki lub je\u017celi ta sukienka ma odpowiedni rozmiar \ud83d\ude42 to r\u00f3wnie\u017c dla Ciebie. Poczuj si\u0119 dziewcz\u0119co, kobieco i m\u0142odo lub spraw rado\u015b\u0107 m\u0142odej damie. Je\u017celi ta sukienka trafi\u0142a w Tw\u00f3j gust, przejd\u017a bezpo\u015brednio do sklepu gdzie jest ona dost\u0119pna dzisiaj, w naprawd\u0119 niewyg\u00f3rowanej cenie.<\/p>\n<p><span style=\"color: #fff; background-color: #000000; padding: 1px 7px;\"><strong>s.Oliver<\/strong><\/span><strong><span style=\"margin-left: 5px; color: #fff; background-color: red; padding: 1px 7px;\">129.0 PLN<\/span><\/strong><\/p>\n<p>&nbsp;<\/p>\n<p>&nbsp;<\/p>\n<\/div>\n<p style=\"text-align: center; padding-bottom: 15px;\"><a style=\"color: #fff; font-size: 22px; background-color: red; padding: 9px; border-radius: 7px; text-decoration: underline;\" href=\"https:\/\/converti.se\/click\/d1a346a4-38e971db-b9bf8b53\/?deep_link=https%3A%2F%2Fwww.mall.pl%2Fsukienki-dla-niemowlat%2Fs-oliver-sukienka-dziewczeca-92-wielokolorowa-2503498005&#038;sid=sukienki-dziewczece&#038;tag6=product&#038;tag8=02ff28dcf295d970665fd25db12e7412&#038;tag9=s.Oliver+sukienka+dziewcz%C4%99ca+92+wielokolorowa\" target=\"_blank\" rel=\"nofollow noopener\">Kup teraz <\/a><\/p>\n<p>&nbsp;<\/p>\n","protected":false},"excerpt":{"rendered":"<p>s.Oliver sukienka dziewcz\u0119ca. Cechy i zalety: <\/p>\n<ul style='padding-left: 10px; padding-bottom: 10px;'>\n<li style='padding-top: 10px;'>Pi\u0119kna dziewcz\u0119ca sukienka s.Oliver dla wszystkich ma\u0142ych ksi\u0119\u017cniczek\n<li style='padding-top: 10px;'>Wykonana z przyjemnego bawe\u0142nianego materia\u0142u, kt\u00f3ry zapewnia wygod\u0119 noszenia\n<li style='padding-top: 10px;'>Sukienka z nadrukiem podwodnego \u015bwiata z marszczeniami b\u0119dzie pasowa\u0107 ka\u017cdej ma\u0142ej ksi\u0119\u017cniczce.<\/ul>\n","protected":false},"featured_media":8223,"comment_status":"closed","ping_status":"open","template":"","meta":[],"product_cat":[55],"product_tag":[],"class_list":{"0":"post-7472","1":"product","2":"type-product","3":"status-publish","5":"hentry","6":"product_cat-s-oliver","7":"pa_producent-s-oliver","8":"pa_sklep-mall-pl"},"_links":{"self":[{"href":"https:\/\/topsukienka.pl\/kids\/wp-json\/wp\/v2\/product\/7472","targetHints":{"allow":["GET"]}}],"collection":[{"href":"https:\/\/topsukienka.pl\/kids\/wp-json\/wp\/v2\/product"}],"about":[{"href":"https:\/\/topsukienka.pl\/kids\/wp-json\/wp\/v2\/types\/product"}],"replies":[{"embeddable":true,"href":"https:\/\/topsukienka.pl\/kids\/wp-json\/wp\/v2\/comments?post=7472"}],"wp:featuredmedia":[{"embeddable":true,"href":"https:\/\/topsukienka.pl\/kids\/wp-json\/wp\/v2\/media\/8223"}],"wp:attachment":[{"href":"https:\/\/topsukienka.pl\/kids\/wp-json\/wp\/v2\/media?parent=7472"}],"wp:term":[{"taxonomy":"product_cat","embeddable":true,"href":"https:\/\/topsukienka.pl\/kids\/wp-json\/wp\/v2\/product_cat?post=7472"},{"taxonomy":"product_tag","embeddable":true,"href":"https:\/\/topsukienka.pl\/kids\/wp-json\/wp\/v2\/product_tag?post=7472"}],"curies":[{"name":"wp","href":"https:\/\/api.w.org\/{rel}","templated":true}]}}