{"id":7456,"date":"2022-04-26T19:07:14","date_gmt":"2022-04-26T19:07:14","guid":{"rendered":"https:\/\/topsukienka.pl\/kids\/nini-sukienka-dziewczeca-z-organicznej-bawelny-abn-2590-98-kremowa\/"},"modified":"2022-04-26T19:07:19","modified_gmt":"2022-04-26T19:07:19","slug":"nini-sukienka-dziewczeca-z-organicznej-bawelny-abn-2590-98-kremowa","status":"publish","type":"product","link":"https:\/\/topsukienka.pl\/kids\/nini-sukienka-dziewczeca-z-organicznej-bawelny-abn-2590-98-kremowa\/","title":{"rendered":"Nini sukienka dziewcz\u0119ca z organicznej bawe\u0142ny ABN-2590 98 kremowa"},"content":{"rendered":"<p><img decoding=\"async\" style=\"margin-right: 25px; margin-bottom: 10px; width: 220px; padding: 0px 10px;\" src=\"https:\/\/static.convertiser.com\/media\/product_images\/186\/9647919b5d58f5b5500f1fcfe5f3a79d\/b99bdac755161743eb0c76c7f16c631980b20016.jpg\" alt=\"sukienka w kolorze czerwonym Nini\" align=\"left\" \/><\/p>\n<h2>Sukienka dziewcz\u0119ca<\/h2>\n<p>CENA ORYGINALNA: 69.0 PLN<\/p>\n<div style=\"font-weight: bold; font-size: 18px;\">\n<p>UWAGA <span style=\"color: red;\">MAMY RABATY!<\/span><\/p>\n<p>Szczeg\u00f3\u0142owe parametry takie jak materia\u0142 tej <a style=\"text-decoration: underline; color: red;\" href=\"https:\/\/topsukienka.pl\/kids\/\">sukienki dziewcz\u0119cej<\/a> oraz aktualnie dost\u0119pne promocje sprawdzisz\u00a0 w sklepie Mall.pl. Modna kreacja Nini dla m\u0142odej modelki lub je\u017celi ta sukienka ma odpowiedni rozmiar \ud83d\ude42 to r\u00f3wnie\u017c dla Ciebie. Poczuj si\u0119 dziewcz\u0119co, kobieco i m\u0142odo lub spraw rado\u015b\u0107 m\u0142odej damie. Je\u017celi ta sukienka trafi\u0142a w Tw\u00f3j gust, przejd\u017a bezpo\u015brednio do sklepu gdzie jest ona dost\u0119pna dzisiaj, w naprawd\u0119 niewyg\u00f3rowanej cenie.<\/p>\n<p><span style=\"color: #fff; background-color: #000000; padding: 1px 7px;\"><strong>Nini<\/strong><\/span><strong><span style=\"margin-left: 5px; color: #fff; background-color: red; padding: 1px 7px;\">69.0 PLN<\/span><\/strong><\/p>\n<p>&nbsp;<\/p>\n<p>&nbsp;<\/p>\n<\/div>\n<p style=\"text-align: center; padding-bottom: 15px;\"><a style=\"color: #fff; font-size: 22px; background-color: red; padding: 9px; border-radius: 7px; text-decoration: underline;\" href=\"https:\/\/converti.se\/click\/d1a346a4-38e971db-b9bf8b53\/?deep_link=https%3A%2F%2Fwww.mall.pl%2Fsukienki-dla-niemowlat%2Fnini-sukienka-dziewczeca-z-organicznej-bawelny-abn-2590-98-kremowa&#038;sid=sukienki-dziewczece&#038;tag6=product&#038;tag8=9647919b5d58f5b5500f1fcfe5f3a79d&#038;tag9=Nini+sukienka+dziewcz%C4%99ca+z+organicznej+bawe%C5%82ny+ABN-2590+98+kremowa\" target=\"_blank\" rel=\"nofollow noopener\">Kup teraz <\/a><\/p>\n<p>&nbsp;<\/p>\n","protected":false},"excerpt":{"rendered":"<p>Nini sukienka dziewcz\u0119ca. Cechy i zalety: <\/p>\n<ul style='padding-left: 10px; padding-bottom: 10px;'>\n<li style='padding-top: 10px;'>Wspania\u0142e sukienki dziewcz\u0119ce od Nini to \u015bwietny wyb\u00f3r na ch\u0142odniejsze dni\n<li style='padding-top: 10px;'>Sukienka wykonana jest z bawe\u0142ny organicznej, kt\u00f3ra jest delikatna dla sk\u00f3ry dziecka i jest odpowiednia r\u00f3wnie\u017c dla alergik\u00f3w\n<li style='padding-top: 10px;'>Zapinanie na ramionach na zatrzaski \u2013 u\u0142atwia zak\u0142adanie<\/ul>\n","protected":false},"featured_media":8280,"comment_status":"closed","ping_status":"open","template":"","meta":[],"product_cat":[106],"product_tag":[],"class_list":{"0":"post-7456","1":"product","2":"type-product","3":"status-publish","5":"hentry","6":"product_cat-nini","7":"pa_producent-nini","8":"pa_sklep-mall-pl"},"_links":{"self":[{"href":"https:\/\/topsukienka.pl\/kids\/wp-json\/wp\/v2\/product\/7456","targetHints":{"allow":["GET"]}}],"collection":[{"href":"https:\/\/topsukienka.pl\/kids\/wp-json\/wp\/v2\/product"}],"about":[{"href":"https:\/\/topsukienka.pl\/kids\/wp-json\/wp\/v2\/types\/product"}],"replies":[{"embeddable":true,"href":"https:\/\/topsukienka.pl\/kids\/wp-json\/wp\/v2\/comments?post=7456"}],"wp:featuredmedia":[{"embeddable":true,"href":"https:\/\/topsukienka.pl\/kids\/wp-json\/wp\/v2\/media\/8280"}],"wp:attachment":[{"href":"https:\/\/topsukienka.pl\/kids\/wp-json\/wp\/v2\/media?parent=7456"}],"wp:term":[{"taxonomy":"product_cat","embeddable":true,"href":"https:\/\/topsukienka.pl\/kids\/wp-json\/wp\/v2\/product_cat?post=7456"},{"taxonomy":"product_tag","embeddable":true,"href":"https:\/\/topsukienka.pl\/kids\/wp-json\/wp\/v2\/product_tag?post=7456"}],"curies":[{"name":"wp","href":"https:\/\/api.w.org\/{rel}","templated":true}]}}