{"id":7442,"date":"2022-04-26T19:07:14","date_gmt":"2022-04-26T19:07:14","guid":{"rendered":"https:\/\/topsukienka.pl\/kids\/dirkje-sukienka-dziewczeca-w-paski-vd0912a-104-ciemnoniebieska\/"},"modified":"2022-04-26T19:07:17","modified_gmt":"2022-04-26T19:07:17","slug":"dirkje-sukienka-dziewczeca-w-paski-vd0912a-104-ciemnoniebieska","status":"publish","type":"product","link":"https:\/\/topsukienka.pl\/kids\/dirkje-sukienka-dziewczeca-w-paski-vd0912a-104-ciemnoniebieska\/","title":{"rendered":"Dirkje sukienka dziewcz\u0119ca w paski VD0912A, 104 ciemnoniebieska"},"content":{"rendered":"<p><img decoding=\"async\" style=\"margin-right: 25px; margin-bottom: 10px; width: 220px; padding: 0px 10px;\" src=\"https:\/\/static.convertiser.com\/media\/product_images\/186\/1fc2dc8081cafec94313d1a9e7a4845c\/6a72c5a937e05f18d62869bcf5aaf0c942341bd3.jpg\" alt=\"sukienka w kolorze czerwonym Dirkje\" align=\"left\" \/><\/p>\n<h2>Sukienka dziewcz\u0119ca<\/h2>\n<p>CENA ORYGINALNA: 99.0 PLN<\/p>\n<div style=\"font-weight: bold; font-size: 18px;\">\n<p>UWAGA <span style=\"color: red;\">MAMY RABATY!<\/span><\/p>\n<p>Szczeg\u00f3\u0142owe parametry takie jak materia\u0142 tej <a style=\"text-decoration: underline; color: red;\" href=\"https:\/\/topsukienka.pl\/kids\/\">sukienki dziewcz\u0119cej<\/a> oraz aktualnie dost\u0119pne promocje sprawdzisz\u00a0 w sklepie Mall.pl. Modna kreacja Dirkje dla m\u0142odej modelki lub je\u017celi ta sukienka ma odpowiedni rozmiar \ud83d\ude42 to r\u00f3wnie\u017c dla Ciebie. Poczuj si\u0119 dziewcz\u0119co, kobieco i m\u0142odo lub spraw rado\u015b\u0107 m\u0142odej damie. Je\u017celi ta sukienka trafi\u0142a w Tw\u00f3j gust, przejd\u017a bezpo\u015brednio do sklepu gdzie jest ona dost\u0119pna dzisiaj, w naprawd\u0119 niewyg\u00f3rowanej cenie.<\/p>\n<p><span style=\"color: #fff; background-color: #000000; padding: 1px 7px;\"><strong>Dirkje<\/strong><\/span><strong><span style=\"margin-left: 5px; color: #fff; background-color: red; padding: 1px 7px;\">99.0 PLN<\/span><\/strong><\/p>\n<p>&nbsp;<\/p>\n<p>&nbsp;<\/p>\n<\/div>\n<p style=\"text-align: center; padding-bottom: 15px;\"><a style=\"color: #fff; font-size: 22px; background-color: red; padding: 9px; border-radius: 7px; text-decoration: underline;\" href=\"https:\/\/converti.se\/click\/d1a346a4-38e971db-b9bf8b53\/?deep_link=https%3A%2F%2Fwww.mall.pl%2Fsukienki-dzieciece%2Fdirkje-sukienka-dziewczeca-w-paski-vd0912a-104-ciemnoniebieska&#038;sid=sukienki-dziewczece&#038;tag6=product&#038;tag8=1fc2dc8081cafec94313d1a9e7a4845c&#038;tag9=Dirkje+sukienka+dziewcz%C4%99ca+w+paski+VD0912A%2C+104+ciemnoniebieska\" target=\"_blank\" rel=\"nofollow noopener\">Kup teraz <\/a><\/p>\n<p>&nbsp;<\/p>\n","protected":false},"excerpt":{"rendered":"<p>Dirkje sukienka dziewcz\u0119ca. Cechy i zalety: <\/p>\n<ul style='padding-left: 10px; padding-bottom: 10px;'>\n<li style='padding-top: 10px;'>Wyj\u0105tkowa sukienka od marki Dirkje doskonale sprawdzi si\u0119 w ciep\u0142e, letnie dni\n<li style='padding-top: 10px;'>Wygodna i zwiewna sukienka przypadnie do gustu ka\u017cdej mi\u0142o\u015bniczce mody\n<li style='padding-top: 10px;'>Sukienka w paski to \u015bwietny wyb\u00f3r na spacer po mie\u015bcie, wycieczk\u0119, a tak\u017ce do szko\u0142y\n<li style='padding-top: 10px;'>Nawet mniejsze dzieci mog\u0105 z \u0142atwo\u015bci\u0105 ubra\u0107 sukienk\u0119 dzi\u0119ki praktycznym zatrzaskom.<\/ul>\n","protected":false},"featured_media":8277,"comment_status":"closed","ping_status":"open","template":"","meta":[],"product_cat":[59],"product_tag":[],"class_list":{"0":"post-7442","1":"product","2":"type-product","3":"status-publish","5":"hentry","6":"product_cat-dirkje","7":"pa_producent-dirkje","8":"pa_sklep-mall-pl"},"_links":{"self":[{"href":"https:\/\/topsukienka.pl\/kids\/wp-json\/wp\/v2\/product\/7442","targetHints":{"allow":["GET"]}}],"collection":[{"href":"https:\/\/topsukienka.pl\/kids\/wp-json\/wp\/v2\/product"}],"about":[{"href":"https:\/\/topsukienka.pl\/kids\/wp-json\/wp\/v2\/types\/product"}],"replies":[{"embeddable":true,"href":"https:\/\/topsukienka.pl\/kids\/wp-json\/wp\/v2\/comments?post=7442"}],"wp:featuredmedia":[{"embeddable":true,"href":"https:\/\/topsukienka.pl\/kids\/wp-json\/wp\/v2\/media\/8277"}],"wp:attachment":[{"href":"https:\/\/topsukienka.pl\/kids\/wp-json\/wp\/v2\/media?parent=7442"}],"wp:term":[{"taxonomy":"product_cat","embeddable":true,"href":"https:\/\/topsukienka.pl\/kids\/wp-json\/wp\/v2\/product_cat?post=7442"},{"taxonomy":"product_tag","embeddable":true,"href":"https:\/\/topsukienka.pl\/kids\/wp-json\/wp\/v2\/product_tag?post=7442"}],"curies":[{"name":"wp","href":"https:\/\/api.w.org\/{rel}","templated":true}]}}