{"id":7426,"date":"2022-04-26T19:07:20","date_gmt":"2022-04-26T19:07:20","guid":{"rendered":"https:\/\/topsukienka.pl\/kids\/topo-sukienka-dziewczeca-2-13280-804-110-ciemnoniebieska\/"},"modified":"2022-04-26T19:07:23","modified_gmt":"2022-04-26T19:07:23","slug":"topo-sukienka-dziewczeca-2-13280-804-110-ciemnoniebieska","status":"publish","type":"product","link":"https:\/\/topsukienka.pl\/kids\/topo-sukienka-dziewczeca-2-13280-804-110-ciemnoniebieska\/","title":{"rendered":"Topo sukienka dziewcz\u0119ca 2-13280-804\u00a0110 ciemnoniebieska"},"content":{"rendered":"<p><img decoding=\"async\" style=\"margin-right: 25px; margin-bottom: 10px; width: 220px; padding: 0px 10px;\" src=\"https:\/\/static.convertiser.com\/media\/product_images\/186\/7fcba3e0ef7107188f37165fe7fbecb9\/154484b44f216de497e7b1f4db26184c8ecb99da.jpg\" alt=\"sukienka w kolorze czerwonym Topo\" align=\"left\" \/><\/p>\n<h2>Sukienka dziewcz\u0119ca<\/h2>\n<p>CENA ORYGINALNA: 89.0 PLN<\/p>\n<div style=\"font-weight: bold; font-size: 18px;\">\n<p>UWAGA <span style=\"color: red;\">MAMY RABATY!<\/span><\/p>\n<p>Szczeg\u00f3\u0142owe parametry takie jak materia\u0142 tej <a style=\"text-decoration: underline; color: red;\" href=\"https:\/\/topsukienka.pl\/kids\/\">sukienki dziewcz\u0119cej<\/a> oraz aktualnie dost\u0119pne promocje sprawdzisz\u00a0 w sklepie Mall.pl. Modna kreacja Topo dla m\u0142odej modelki lub je\u017celi ta sukienka ma odpowiedni rozmiar \ud83d\ude42 to r\u00f3wnie\u017c dla Ciebie. Poczuj si\u0119 dziewcz\u0119co, kobieco i m\u0142odo lub spraw rado\u015b\u0107 m\u0142odej damie. Je\u017celi ta sukienka trafi\u0142a w Tw\u00f3j gust, przejd\u017a bezpo\u015brednio do sklepu gdzie jest ona dost\u0119pna dzisiaj, w naprawd\u0119 niewyg\u00f3rowanej cenie.<\/p>\n<p><span style=\"color: #fff; background-color: #000000; padding: 1px 7px;\"><strong>Topo<\/strong><\/span><strong><span style=\"margin-left: 5px; color: #fff; background-color: red; padding: 1px 7px;\">89.0 PLN<\/span><\/strong><\/p>\n<p>&nbsp;<\/p>\n<p>&nbsp;<\/p>\n<\/div>\n<p style=\"text-align: center; padding-bottom: 15px;\"><a style=\"color: #fff; font-size: 22px; background-color: red; padding: 9px; border-radius: 7px; text-decoration: underline;\" href=\"https:\/\/converti.se\/click\/d1a346a4-38e971db-b9bf8b53\/?deep_link=https%3A%2F%2Fwww.mall.pl%2Fsukienki-dzieciece%2Ftopo-sukienka-dziewczeca-2-13280-804-110-ciemnoniebieska&#038;sid=sukienki-dziewczece&#038;tag6=product&#038;tag8=7fcba3e0ef7107188f37165fe7fbecb9&#038;tag9=Topo+sukienka+dziewcz%C4%99ca+2-13280-804%C2%A0110+ciemnoniebieska\" target=\"_blank\" rel=\"nofollow noopener\">Kup teraz <\/a><\/p>\n<p>&nbsp;<\/p>\n","protected":false},"excerpt":{"rendered":"<p>Topo sukienka dziewcz\u0119ca. Cechy i zalety: <\/p>\n<ul style='padding-left: 10px; padding-bottom: 10px;'>\n<li style='padding-top: 10px;'>Komfort i styl \u2013 to tylko niekt\u00f3re z zalet letnich sukienek TOPO\n<li style='padding-top: 10px;'>Sukienka ma nadruk konia na plisowanej sp\u00f3dnicy oraz gum\u0119 w talii\n<li style='padding-top: 10px;'>R\u0119kawy s\u0105 kr\u00f3tkie\n<li style='padding-top: 10px;'>Na spacerze i na placu zabaw \u2013 Twoja c\u00f3reczka b\u0119dzie \u015bwietnie wygl\u0105da\u0107 w tej sukience.<\/ul>\n","protected":false},"featured_media":8286,"comment_status":"closed","ping_status":"open","template":"","meta":[],"product_cat":[62],"product_tag":[],"class_list":{"0":"post-7426","1":"product","2":"type-product","3":"status-publish","5":"hentry","6":"product_cat-topo","7":"pa_producent-topo","8":"pa_sklep-mall-pl"},"_links":{"self":[{"href":"https:\/\/topsukienka.pl\/kids\/wp-json\/wp\/v2\/product\/7426","targetHints":{"allow":["GET"]}}],"collection":[{"href":"https:\/\/topsukienka.pl\/kids\/wp-json\/wp\/v2\/product"}],"about":[{"href":"https:\/\/topsukienka.pl\/kids\/wp-json\/wp\/v2\/types\/product"}],"replies":[{"embeddable":true,"href":"https:\/\/topsukienka.pl\/kids\/wp-json\/wp\/v2\/comments?post=7426"}],"wp:featuredmedia":[{"embeddable":true,"href":"https:\/\/topsukienka.pl\/kids\/wp-json\/wp\/v2\/media\/8286"}],"wp:attachment":[{"href":"https:\/\/topsukienka.pl\/kids\/wp-json\/wp\/v2\/media?parent=7426"}],"wp:term":[{"taxonomy":"product_cat","embeddable":true,"href":"https:\/\/topsukienka.pl\/kids\/wp-json\/wp\/v2\/product_cat?post=7426"},{"taxonomy":"product_tag","embeddable":true,"href":"https:\/\/topsukienka.pl\/kids\/wp-json\/wp\/v2\/product_tag?post=7426"}],"curies":[{"name":"wp","href":"https:\/\/api.w.org\/{rel}","templated":true}]}}