{"id":7394,"date":"2022-04-26T19:06:56","date_gmt":"2022-04-26T19:06:56","guid":{"rendered":"https:\/\/topsukienka.pl\/kids\/blue-seven-sukienka-dziewczeca-911040-x_2-74-rozowa\/"},"modified":"2022-04-26T19:06:59","modified_gmt":"2022-04-26T19:06:59","slug":"blue-seven-sukienka-dziewczeca-911040-x_2-74-rozowa","status":"publish","type":"product","link":"https:\/\/topsukienka.pl\/kids\/blue-seven-sukienka-dziewczeca-911040-x_2-74-rozowa\/","title":{"rendered":"Blue Seven sukienka dziewcz\u0119ca 911040 X_2, 74 r\u00f3\u017cowa"},"content":{"rendered":"<p><img decoding=\"async\" style=\"margin-right: 25px; margin-bottom: 10px; width: 220px; padding: 0px 10px;\" src=\"https:\/\/static.convertiser.com\/media\/product_images\/186\/6ae226a497ef4574bac39d9e2534aebc\/7325cf8839c1304fda8031f8fdea421619569ed7.jpg\" alt=\"sukienka w kolorze czerwonym Blue Seven\" align=\"left\" \/><\/p>\n<h2>Sukienka dziewcz\u0119ca<\/h2>\n<p>CENA ORYGINALNA: 59.0 PLN<\/p>\n<div style=\"font-weight: bold; font-size: 18px;\">\n<p>UWAGA <span style=\"color: red;\">MAMY RABATY!<\/span><\/p>\n<p>Szczeg\u00f3\u0142owe parametry takie jak materia\u0142 tej <a style=\"text-decoration: underline; color: red;\" href=\"https:\/\/topsukienka.pl\/kids\/\">sukienki dziewcz\u0119cej<\/a> oraz aktualnie dost\u0119pne promocje sprawdzisz\u00a0 w sklepie Mall.pl. Modna kreacja Blue Seven dla m\u0142odej modelki lub je\u017celi ta sukienka ma odpowiedni rozmiar \ud83d\ude42 to r\u00f3wnie\u017c dla Ciebie. Poczuj si\u0119 dziewcz\u0119co, kobieco i m\u0142odo lub spraw rado\u015b\u0107 m\u0142odej damie. Je\u017celi ta sukienka trafi\u0142a w Tw\u00f3j gust, przejd\u017a bezpo\u015brednio do sklepu gdzie jest ona dost\u0119pna dzisiaj, w naprawd\u0119 niewyg\u00f3rowanej cenie.<\/p>\n<p><span style=\"color: #fff; background-color: #000000; padding: 1px 7px;\"><strong>Blue Seven<\/strong><\/span><strong><span style=\"margin-left: 5px; color: #fff; background-color: red; padding: 1px 7px;\">59.0 PLN<\/span><\/strong><\/p>\n<p>&nbsp;<\/p>\n<p>&nbsp;<\/p>\n<\/div>\n<p style=\"text-align: center; padding-bottom: 15px;\"><a style=\"color: #fff; font-size: 22px; background-color: red; padding: 9px; border-radius: 7px; text-decoration: underline;\" href=\"https:\/\/converti.se\/click\/d1a346a4-38e971db-b9bf8b53\/?deep_link=https%3A%2F%2Fwww.mall.pl%2Fsukienki-dla-niemowlat%2Fblue-seven-sukienka-dziewczeca-911040-x-2-74-rozowa&#038;sid=sukienki-dziewczece&#038;tag6=product&#038;tag8=6ae226a497ef4574bac39d9e2534aebc&#038;tag9=Blue+Seven+sukienka+dziewcz%C4%99ca+911040+X_2%2C+74+r%C3%B3%C5%BCowa\" target=\"_blank\" rel=\"nofollow noopener\">Kup teraz <\/a><\/p>\n<p>&nbsp;<\/p>\n","protected":false},"excerpt":{"rendered":"<p>Blue Seven sukienka. Cechy i zalety: <\/p>\n<ul style='padding-left: 10px; padding-bottom: 10px;'>\n<li style='padding-top: 10px;'>Wyj\u0105tkowa sukienka od marki Blue Seven to \u015bwietny wyb\u00f3r na upalne, letnie dni\n<li style='padding-top: 10px;'>Dziewczynki doceni\u0105 wygodn\u0105 i zwiewn\u0105 sukienk\u0119\n<li style='padding-top: 10px;'>R\u00f3\u017cowa sukienka nadaje si\u0119 do miasta, na spacer, a tak\u017ce nad wod\u0119.<\/ul>\n","protected":false},"featured_media":8238,"comment_status":"closed","ping_status":"open","template":"","meta":[],"product_cat":[60],"product_tag":[],"class_list":{"0":"post-7394","1":"product","2":"type-product","3":"status-publish","5":"hentry","6":"product_cat-blue-seven","7":"pa_producent-blue-seven","8":"pa_sklep-mall-pl"},"_links":{"self":[{"href":"https:\/\/topsukienka.pl\/kids\/wp-json\/wp\/v2\/product\/7394","targetHints":{"allow":["GET"]}}],"collection":[{"href":"https:\/\/topsukienka.pl\/kids\/wp-json\/wp\/v2\/product"}],"about":[{"href":"https:\/\/topsukienka.pl\/kids\/wp-json\/wp\/v2\/types\/product"}],"replies":[{"embeddable":true,"href":"https:\/\/topsukienka.pl\/kids\/wp-json\/wp\/v2\/comments?post=7394"}],"wp:featuredmedia":[{"embeddable":true,"href":"https:\/\/topsukienka.pl\/kids\/wp-json\/wp\/v2\/media\/8238"}],"wp:attachment":[{"href":"https:\/\/topsukienka.pl\/kids\/wp-json\/wp\/v2\/media?parent=7394"}],"wp:term":[{"taxonomy":"product_cat","embeddable":true,"href":"https:\/\/topsukienka.pl\/kids\/wp-json\/wp\/v2\/product_cat?post=7394"},{"taxonomy":"product_tag","embeddable":true,"href":"https:\/\/topsukienka.pl\/kids\/wp-json\/wp\/v2\/product_tag?post=7394"}],"curies":[{"name":"wp","href":"https:\/\/api.w.org\/{rel}","templated":true}]}}