{"id":7366,"date":"2022-04-26T19:07:27","date_gmt":"2022-04-26T19:07:27","guid":{"rendered":"https:\/\/topsukienka.pl\/kids\/boboli-sukienka-dziewczeca-color-hikers-98-wielokolorowa\/"},"modified":"2022-04-26T19:07:28","modified_gmt":"2022-04-26T19:07:28","slug":"boboli-sukienka-dziewczeca-color-hikers-98-wielokolorowa","status":"publish","type":"product","link":"https:\/\/topsukienka.pl\/kids\/boboli-sukienka-dziewczeca-color-hikers-98-wielokolorowa\/","title":{"rendered":"Boboli sukienka dziewcz\u0119ca Color Hikers 98 wielokolorowa"},"content":{"rendered":"<p><img decoding=\"async\" style=\"margin-right: 25px; margin-bottom: 10px; width: 220px; padding: 0px 10px;\" src=\"https:\/\/static.convertiser.com\/media\/product_images\/186\/abc75e1583dfb8d96fcf28002bf7d146\/b453fbc390678cf36464b7a4cb682b25ae0d0c20.jpg\" alt=\"sukienka w kolorze czerwonym Boboli\" align=\"left\" \/><\/p>\n<h2>Sukienka dziewcz\u0119ca<\/h2>\n<p>CENA ORYGINALNA: 119.0 PLN<\/p>\n<div style=\"font-weight: bold; font-size: 18px;\">\n<p>UWAGA <span style=\"color: red;\">MAMY RABATY!<\/span><\/p>\n<p>Szczeg\u00f3\u0142owe parametry takie jak materia\u0142 tej <a style=\"text-decoration: underline; color: red;\" href=\"https:\/\/topsukienka.pl\/kids\/\">sukienki dziewcz\u0119cej<\/a> oraz aktualnie dost\u0119pne promocje sprawdzisz\u00a0 w sklepie Mall.pl. Modna kreacja Boboli dla m\u0142odej modelki lub je\u017celi ta sukienka ma odpowiedni rozmiar \ud83d\ude42 to r\u00f3wnie\u017c dla Ciebie. Poczuj si\u0119 dziewcz\u0119co, kobieco i m\u0142odo lub spraw rado\u015b\u0107 m\u0142odej damie. Je\u017celi ta sukienka trafi\u0142a w Tw\u00f3j gust, przejd\u017a bezpo\u015brednio do sklepu gdzie jest ona dost\u0119pna dzisiaj, w naprawd\u0119 niewyg\u00f3rowanej cenie.<\/p>\n<p><span style=\"color: #fff; background-color: #000000; padding: 1px 7px;\"><strong>Boboli<\/strong><\/span><strong><span style=\"margin-left: 5px; color: #fff; background-color: red; padding: 1px 7px;\">119.0 PLN<\/span><\/strong><\/p>\n<p>&nbsp;<\/p>\n<p>&nbsp;<\/p>\n<\/div>\n<p style=\"text-align: center; padding-bottom: 15px;\"><a style=\"color: #fff; font-size: 22px; background-color: red; padding: 9px; border-radius: 7px; text-decoration: underline;\" href=\"https:\/\/converti.se\/click\/d1a346a4-38e971db-b9bf8b53\/?deep_link=https%3A%2F%2Fwww.mall.pl%2Fsukienki-dla-niemowlat%2Fboboli-sukienka-dziewczeca-color-hikers-98-wielokolorowa&#038;sid=sukienki-dziewczece&#038;tag6=product&#038;tag8=abc75e1583dfb8d96fcf28002bf7d146&#038;tag9=Boboli+sukienka+dziewcz%C4%99ca+Color+Hikers+98+wielokolorowa\" target=\"_blank\" rel=\"nofollow noopener\">Kup teraz <\/a><\/p>\n<p>&nbsp;<\/p>\n","protected":false},"excerpt":{"rendered":"<p>Boboli sukienka dziewcz\u0119ca. Cechy i zalety: <\/p>\n<ul style='padding-left: 10px; padding-bottom: 10px;'>\n<li style='padding-top: 10px;'>Wielokolorowa sukienka dziewcz\u0119ca z kwiatowym motywem i d\u0142ugim r\u0119kawem, od marki Boboli.<\/ul>\n","protected":false},"featured_media":8295,"comment_status":"closed","ping_status":"open","template":"","meta":[],"product_cat":[91],"product_tag":[],"class_list":{"0":"post-7366","1":"product","2":"type-product","3":"status-publish","5":"hentry","6":"product_cat-boboli","7":"pa_producent-boboli","8":"pa_sklep-mall-pl"},"_links":{"self":[{"href":"https:\/\/topsukienka.pl\/kids\/wp-json\/wp\/v2\/product\/7366","targetHints":{"allow":["GET"]}}],"collection":[{"href":"https:\/\/topsukienka.pl\/kids\/wp-json\/wp\/v2\/product"}],"about":[{"href":"https:\/\/topsukienka.pl\/kids\/wp-json\/wp\/v2\/types\/product"}],"replies":[{"embeddable":true,"href":"https:\/\/topsukienka.pl\/kids\/wp-json\/wp\/v2\/comments?post=7366"}],"wp:featuredmedia":[{"embeddable":true,"href":"https:\/\/topsukienka.pl\/kids\/wp-json\/wp\/v2\/media\/8295"}],"wp:attachment":[{"href":"https:\/\/topsukienka.pl\/kids\/wp-json\/wp\/v2\/media?parent=7366"}],"wp:term":[{"taxonomy":"product_cat","embeddable":true,"href":"https:\/\/topsukienka.pl\/kids\/wp-json\/wp\/v2\/product_cat?post=7366"},{"taxonomy":"product_tag","embeddable":true,"href":"https:\/\/topsukienka.pl\/kids\/wp-json\/wp\/v2\/product_tag?post=7366"}],"curies":[{"name":"wp","href":"https:\/\/api.w.org\/{rel}","templated":true}]}}