{"id":7262,"date":"2022-04-26T19:05:17","date_gmt":"2022-04-26T19:05:17","guid":{"rendered":"https:\/\/topsukienka.pl\/kids\/jacky-sukienka-dziewczeca-z-dlugimi-rekawami-74-biala\/"},"modified":"2022-04-26T19:05:21","modified_gmt":"2022-04-26T19:05:21","slug":"jacky-sukienka-dziewczeca-z-dlugimi-rekawami-74-biala","status":"publish","type":"product","link":"https:\/\/topsukienka.pl\/kids\/jacky-sukienka-dziewczeca-z-dlugimi-rekawami-74-biala\/","title":{"rendered":"JACKY sukienka dziewcz\u0119ca z d\u0142ugimi r\u0119kawami 74 bia\u0142a"},"content":{"rendered":"<p><img decoding=\"async\" style=\"margin-right: 25px; margin-bottom: 10px; width: 220px; padding: 0px 10px;\" src=\"https:\/\/static.convertiser.com\/media\/product_images\/186\/517b8b895729864d5c790a30bafbe5e2\/cf2b4a47cbc37554d39aa4cb00391075ed3d4f20.jpg\" alt=\"sukienka w kolorze czerwonym JACKY\" align=\"left\" \/><\/p>\n<h2>Sukienka dziewcz\u0119ca<\/h2>\n<p>CENA ORYGINALNA: 79.0 PLN<\/p>\n<div style=\"font-weight: bold; font-size: 18px;\">\n<p>UWAGA <span style=\"color: red;\">MAMY RABATY!<\/span><\/p>\n<p>Szczeg\u00f3\u0142owe parametry takie jak materia\u0142 tej <a style=\"text-decoration: underline; color: red;\" href=\"https:\/\/topsukienka.pl\/kids\/\">sukienki dziewcz\u0119cej<\/a> oraz aktualnie dost\u0119pne promocje sprawdzisz\u00a0 w sklepie Mall.pl. Modna kreacja JACKY dla m\u0142odej modelki lub je\u017celi ta sukienka ma odpowiedni rozmiar \ud83d\ude42 to r\u00f3wnie\u017c dla Ciebie. Poczuj si\u0119 dziewcz\u0119co, kobieco i m\u0142odo lub spraw rado\u015b\u0107 m\u0142odej damie. Je\u017celi ta sukienka trafi\u0142a w Tw\u00f3j gust, przejd\u017a bezpo\u015brednio do sklepu gdzie jest ona dost\u0119pna dzisiaj, w naprawd\u0119 niewyg\u00f3rowanej cenie.<\/p>\n<p><span style=\"color: #fff; background-color: #000000; padding: 1px 7px;\"><strong>JACKY<\/strong><\/span><strong><span style=\"margin-left: 5px; color: #fff; background-color: red; padding: 1px 7px;\">79.0 PLN<\/span><\/strong><\/p>\n<p>&nbsp;<\/p>\n<p>&nbsp;<\/p>\n<\/div>\n<p style=\"text-align: center; padding-bottom: 15px;\"><a style=\"color: #fff; font-size: 22px; background-color: red; padding: 9px; border-radius: 7px; text-decoration: underline;\" href=\"https:\/\/converti.se\/click\/d1a346a4-38e971db-b9bf8b53\/?deep_link=https%3A%2F%2Fwww.mall.pl%2Fsukienki-dla-niemowlat%2Fjacky-sukienka-dziewczeca-z-dlugimi-rekawami-74-biala&#038;sid=sukienki-dziewczece&#038;tag6=product&#038;tag8=517b8b895729864d5c790a30bafbe5e2&#038;tag9=JACKY+sukienka+dziewcz%C4%99ca+z+d%C5%82ugimi+r%C4%99kawami+74+bia%C5%82a\" target=\"_blank\" rel=\"nofollow noopener\">Kup teraz <\/a><\/p>\n<p>&nbsp;<\/p>\n","protected":false},"excerpt":{"rendered":"<p>JACKY sukienka dziewcz\u0119ca. Cechy i zalety: <\/p>\n<ul style='padding-left: 10px; padding-bottom: 10px;'>\n<li style='padding-top: 10px;'>Wyj\u0105tkowa sukienka dziewcz\u0119ca z d\u0142ugimi r\u0119kawami przypadnie do gustu ka\u017cdej ma\u0142ej ksi\u0119\u017cniczce\n<li style='padding-top: 10px;'>Jest wykonana z przyjemnego materia\u0142u bawe\u0142nianego, dzi\u0119ki czemu Twoja c\u00f3rka b\u0119dzie czu\u0142a si\u0119 komfortowo przez ca\u0142y dzie\u0144\n<li style='padding-top: 10px;'>Sukienka nadaje si\u0119 na ka\u017cd\u0105 okazj\u0119.<\/ul>\n","protected":false},"featured_media":8077,"comment_status":"closed","ping_status":"open","template":"","meta":[],"product_cat":[66],"product_tag":[],"class_list":{"0":"post-7262","1":"product","2":"type-product","3":"status-publish","5":"hentry","6":"product_cat-jacky","7":"pa_producent-jacky","8":"pa_sklep-mall-pl"},"_links":{"self":[{"href":"https:\/\/topsukienka.pl\/kids\/wp-json\/wp\/v2\/product\/7262","targetHints":{"allow":["GET"]}}],"collection":[{"href":"https:\/\/topsukienka.pl\/kids\/wp-json\/wp\/v2\/product"}],"about":[{"href":"https:\/\/topsukienka.pl\/kids\/wp-json\/wp\/v2\/types\/product"}],"replies":[{"embeddable":true,"href":"https:\/\/topsukienka.pl\/kids\/wp-json\/wp\/v2\/comments?post=7262"}],"wp:featuredmedia":[{"embeddable":true,"href":"https:\/\/topsukienka.pl\/kids\/wp-json\/wp\/v2\/media\/8077"}],"wp:attachment":[{"href":"https:\/\/topsukienka.pl\/kids\/wp-json\/wp\/v2\/media?parent=7262"}],"wp:term":[{"taxonomy":"product_cat","embeddable":true,"href":"https:\/\/topsukienka.pl\/kids\/wp-json\/wp\/v2\/product_cat?post=7262"},{"taxonomy":"product_tag","embeddable":true,"href":"https:\/\/topsukienka.pl\/kids\/wp-json\/wp\/v2\/product_tag?post=7262"}],"curies":[{"name":"wp","href":"https:\/\/api.w.org\/{rel}","templated":true}]}}