{"id":7260,"date":"2022-04-26T19:05:17","date_gmt":"2022-04-26T19:05:17","guid":{"rendered":"https:\/\/topsukienka.pl\/kids\/north-pole-sukienka-dziewczeca-4y-czarna\/"},"modified":"2022-04-26T19:05:23","modified_gmt":"2022-04-26T19:05:23","slug":"north-pole-sukienka-dziewczeca-4y-czarna","status":"publish","type":"product","link":"https:\/\/topsukienka.pl\/kids\/north-pole-sukienka-dziewczeca-4y-czarna\/","title":{"rendered":"North Pole sukienka dziewcz\u0119ca 4Y czarna"},"content":{"rendered":"<p><img decoding=\"async\" style=\"margin-right: 25px; margin-bottom: 10px; width: 220px; padding: 0px 10px;\" src=\"https:\/\/static.convertiser.com\/media\/product_images\/186\/100e3c99e42ead652edfc6a78a63f0ed\/132f5d618c8ada01eb25ea0cefa78894c6cedab7.jpg\" alt=\"sukienka w kolorze czerwonym North Pole\" align=\"left\" \/><\/p>\n<h2>Sukienka dziewcz\u0119ca<\/h2>\n<p>CENA ORYGINALNA: 121.0 PLN<\/p>\n<div style=\"font-weight: bold; font-size: 18px;\">\n<p>UWAGA <span style=\"color: red;\">MAMY RABATY!<\/span><\/p>\n<p>Szczeg\u00f3\u0142owe parametry takie jak materia\u0142 tej <a style=\"text-decoration: underline; color: red;\" href=\"https:\/\/topsukienka.pl\/kids\/\">sukienki dziewcz\u0119cej<\/a> oraz aktualnie dost\u0119pne promocje sprawdzisz\u00a0 w sklepie Mall.pl. Modna kreacja North Pole dla m\u0142odej modelki lub je\u017celi ta sukienka ma odpowiedni rozmiar \ud83d\ude42 to r\u00f3wnie\u017c dla Ciebie. Poczuj si\u0119 dziewcz\u0119co, kobieco i m\u0142odo lub spraw rado\u015b\u0107 m\u0142odej damie. Je\u017celi ta sukienka trafi\u0142a w Tw\u00f3j gust, przejd\u017a bezpo\u015brednio do sklepu gdzie jest ona dost\u0119pna dzisiaj, w naprawd\u0119 niewyg\u00f3rowanej cenie.<\/p>\n<p><span style=\"color: #fff; background-color: #000000; padding: 1px 7px;\"><strong>North Pole<\/strong><\/span><strong><span style=\"margin-left: 5px; color: #fff; background-color: red; padding: 1px 7px;\">121.0 PLN<\/span><\/strong><\/p>\n<p>&nbsp;<\/p>\n<p>&nbsp;<\/p>\n<\/div>\n<p style=\"text-align: center; padding-bottom: 15px;\"><a style=\"color: #fff; font-size: 22px; background-color: red; padding: 9px; border-radius: 7px; text-decoration: underline;\" href=\"https:\/\/converti.se\/click\/d1a346a4-38e971db-b9bf8b53\/?deep_link=https%3A%2F%2Fwww.mall.pl%2Fsukienki-dzieciece%2Fnorth-pole-sukienka-dziewczeca-4y-czarna&#038;sid=sukienki-dziewczece&#038;tag6=product&#038;tag8=100e3c99e42ead652edfc6a78a63f0ed&#038;tag9=North+Pole+sukienka+dziewcz%C4%99ca+4Y+czarna\" target=\"_blank\" rel=\"nofollow noopener\">Kup teraz <\/a><\/p>\n<p>&nbsp;<\/p>\n","protected":false},"excerpt":{"rendered":"<p>North Pole sukienka. Cechy i zalety: <\/p>\n<ul style='padding-left: 10px; padding-bottom: 10px;'>\n<li style='padding-top: 10px;'>Stylowa sukienka dziewcz\u0119ca od marki North Pole z d\u0142ugimi r\u0119kawami\n<li style='padding-top: 10px;'>B\u0142yszcz\u0105ce detale i sp\u00f3dnica z ciekawego materia\u0142u nadaj\u0105 oryginalny wygl\u0105d\n<li style='padding-top: 10px;'>Sukienka zapinana jest na zamek b\u0142yskawiczny znajduj\u0105cy si\u0119 z przodu.<\/ul>\n","protected":false},"featured_media":8079,"comment_status":"closed","ping_status":"open","template":"","meta":[],"product_cat":[87],"product_tag":[],"class_list":{"0":"post-7260","1":"product","2":"type-product","3":"status-publish","5":"hentry","6":"product_cat-north-pole","7":"pa_producent-north-pole","8":"pa_sklep-mall-pl"},"_links":{"self":[{"href":"https:\/\/topsukienka.pl\/kids\/wp-json\/wp\/v2\/product\/7260","targetHints":{"allow":["GET"]}}],"collection":[{"href":"https:\/\/topsukienka.pl\/kids\/wp-json\/wp\/v2\/product"}],"about":[{"href":"https:\/\/topsukienka.pl\/kids\/wp-json\/wp\/v2\/types\/product"}],"replies":[{"embeddable":true,"href":"https:\/\/topsukienka.pl\/kids\/wp-json\/wp\/v2\/comments?post=7260"}],"wp:featuredmedia":[{"embeddable":true,"href":"https:\/\/topsukienka.pl\/kids\/wp-json\/wp\/v2\/media\/8079"}],"wp:attachment":[{"href":"https:\/\/topsukienka.pl\/kids\/wp-json\/wp\/v2\/media?parent=7260"}],"wp:term":[{"taxonomy":"product_cat","embeddable":true,"href":"https:\/\/topsukienka.pl\/kids\/wp-json\/wp\/v2\/product_cat?post=7260"},{"taxonomy":"product_tag","embeddable":true,"href":"https:\/\/topsukienka.pl\/kids\/wp-json\/wp\/v2\/product_tag?post=7260"}],"curies":[{"name":"wp","href":"https:\/\/api.w.org\/{rel}","templated":true}]}}