{"id":7224,"date":"2022-04-26T19:06:26","date_gmt":"2022-04-26T19:06:26","guid":{"rendered":"https:\/\/topsukienka.pl\/kids\/vans-sukienka-dziewczeca-box-candy-hearts-black-vn0a5lefblk-czarna-s\/"},"modified":"2022-04-26T19:06:28","modified_gmt":"2022-04-26T19:06:28","slug":"vans-sukienka-dziewczeca-box-candy-hearts-black-vn0a5lefblk-czarna-s","status":"publish","type":"product","link":"https:\/\/topsukienka.pl\/kids\/vans-sukienka-dziewczeca-box-candy-hearts-black-vn0a5lefblk-czarna-s\/","title":{"rendered":"Vans Sukienka dziewcz\u0119ca box candy hearts black VN0A5LEFBLK czarna S"},"content":{"rendered":"<p><img decoding=\"async\" style=\"margin-right: 25px; margin-bottom: 10px; width: 220px; padding: 0px 10px;\" src=\"https:\/\/static.convertiser.com\/media\/product_images\/186\/a5d3322c8bd9102442d591f30284653c\/5adaab766825d75c077186dd52b7bc623fa2418f.jpg\" alt=\"sukienka w kolorze czerwonym Vans\" align=\"left\" \/><\/p>\n<h2>Sukienka dziewcz\u0119ca<\/h2>\n<p>CENA ORYGINALNA: 109.0 PLN<\/p>\n<div style=\"font-weight: bold; font-size: 18px;\">\n<p>UWAGA <span style=\"color: red;\">MAMY RABATY!<\/span><\/p>\n<p>Szczeg\u00f3\u0142owe parametry takie jak materia\u0142 tej <a style=\"text-decoration: underline; color: red;\" href=\"https:\/\/topsukienka.pl\/kids\/\">sukienki dziewcz\u0119cej<\/a> oraz aktualnie dost\u0119pne promocje sprawdzisz\u00a0 w sklepie Mall.pl. Modna kreacja Vans dla m\u0142odej modelki lub je\u017celi ta sukienka ma odpowiedni rozmiar \ud83d\ude42 to r\u00f3wnie\u017c dla Ciebie. Poczuj si\u0119 dziewcz\u0119co, kobieco i m\u0142odo lub spraw rado\u015b\u0107 m\u0142odej damie. Je\u017celi ta sukienka trafi\u0142a w Tw\u00f3j gust, przejd\u017a bezpo\u015brednio do sklepu gdzie jest ona dost\u0119pna dzisiaj, w naprawd\u0119 niewyg\u00f3rowanej cenie.<\/p>\n<p><span style=\"color: #fff; background-color: #000000; padding: 1px 7px;\"><strong>Vans<\/strong><\/span><strong><span style=\"margin-left: 5px; color: #fff; background-color: red; padding: 1px 7px;\">109.0 PLN<\/span><\/strong><\/p>\n<p>&nbsp;<\/p>\n<p>&nbsp;<\/p>\n<\/div>\n<p style=\"text-align: center; padding-bottom: 15px;\"><a style=\"color: #fff; font-size: 22px; background-color: red; padding: 9px; border-radius: 7px; text-decoration: underline;\" href=\"https:\/\/converti.se\/click\/d1a346a4-38e971db-b9bf8b53\/?deep_link=https%3A%2F%2Fwww.mall.pl%2Fsukienki-dzieciece%2Fvans-sukienka-dziewczeca-box-candy-hearts-black-vn0a5lefblk-czarna-s&#038;sid=sukienki-dziewczece&#038;tag6=product&#038;tag8=a5d3322c8bd9102442d591f30284653c&#038;tag9=Vans+Sukienka+dziewcz%C4%99ca+box+candy+hearts+black+VN0A5LEFBLK+czarna+S\" target=\"_blank\" rel=\"nofollow noopener\">Kup teraz <\/a><\/p>\n<p>&nbsp;<\/p>\n","protected":false},"excerpt":{"rendered":"<p>Vans Sukienka dziewcz\u0119ca. Cechy i zalety: <\/p>\n<ul style='padding-left: 10px; padding-bottom: 10px;'>\n<li style='padding-top: 10px;'>Stylowa sukienka dziewcz\u0119ca o p\u00f3\u0142d\u0142ugim kroju od marki Vans\n<li style='padding-top: 10px;'>Sukienka ma praktyczne, kr\u00f3tkie r\u0119kawy oraz logo marki z przodu.<\/ul>\n","protected":false},"featured_media":8189,"comment_status":"closed","ping_status":"open","template":"","meta":[],"product_cat":[104],"product_tag":[],"class_list":{"0":"post-7224","1":"product","2":"type-product","3":"status-publish","5":"hentry","6":"product_cat-vans","7":"pa_producent-vans","8":"pa_sklep-mall-pl"},"_links":{"self":[{"href":"https:\/\/topsukienka.pl\/kids\/wp-json\/wp\/v2\/product\/7224","targetHints":{"allow":["GET"]}}],"collection":[{"href":"https:\/\/topsukienka.pl\/kids\/wp-json\/wp\/v2\/product"}],"about":[{"href":"https:\/\/topsukienka.pl\/kids\/wp-json\/wp\/v2\/types\/product"}],"replies":[{"embeddable":true,"href":"https:\/\/topsukienka.pl\/kids\/wp-json\/wp\/v2\/comments?post=7224"}],"wp:featuredmedia":[{"embeddable":true,"href":"https:\/\/topsukienka.pl\/kids\/wp-json\/wp\/v2\/media\/8189"}],"wp:attachment":[{"href":"https:\/\/topsukienka.pl\/kids\/wp-json\/wp\/v2\/media?parent=7224"}],"wp:term":[{"taxonomy":"product_cat","embeddable":true,"href":"https:\/\/topsukienka.pl\/kids\/wp-json\/wp\/v2\/product_cat?post=7224"},{"taxonomy":"product_tag","embeddable":true,"href":"https:\/\/topsukienka.pl\/kids\/wp-json\/wp\/v2\/product_tag?post=7224"}],"curies":[{"name":"wp","href":"https:\/\/api.w.org\/{rel}","templated":true}]}}