{"id":6998,"date":"2022-04-26T19:04:53","date_gmt":"2022-04-26T19:04:53","guid":{"rendered":"https:\/\/topsukienka.pl\/kids\/garnamama-sukienka-dziewczeca-152-biala\/"},"modified":"2022-04-26T19:04:53","modified_gmt":"2022-04-26T19:04:53","slug":"garnamama-sukienka-dziewczeca-152-biala","status":"publish","type":"product","link":"https:\/\/topsukienka.pl\/kids\/garnamama-sukienka-dziewczeca-152-biala\/","title":{"rendered":"Garnamama sukienka dziewcz\u0119ca 152 bia\u0142a"},"content":{"rendered":"<p><img decoding=\"async\" style=\"margin-right: 25px; margin-bottom: 10px; width: 220px; padding: 0px 10px;\" src=\"https:\/\/static.convertiser.com\/media\/product_images\/186\/8d5901406ce42fc73550b77fa341ffe9\/5223fcbf7e974f455677bee079454d478b597822.jpg\" alt=\"sukienka w kolorze czerwonym Garnamama\" align=\"left\" \/><\/p>\n<h2>Sukienka dziewcz\u0119ca<\/h2>\n<p>CENA ORYGINALNA: 69.0 PLN<\/p>\n<div style=\"font-weight: bold; font-size: 18px;\">\n<p>UWAGA <span style=\"color: red;\">MAMY RABATY!<\/span><\/p>\n<p>Szczeg\u00f3\u0142owe parametry takie jak materia\u0142 tej <a style=\"text-decoration: underline; color: red;\" href=\"https:\/\/topsukienka.pl\/kids\/\">sukienki dziewcz\u0119cej<\/a> oraz aktualnie dost\u0119pne promocje sprawdzisz\u00a0 w sklepie Mall.pl. Modna kreacja Garnamama dla m\u0142odej modelki lub je\u017celi ta sukienka ma odpowiedni rozmiar \ud83d\ude42 to r\u00f3wnie\u017c dla Ciebie. Poczuj si\u0119 dziewcz\u0119co, kobieco i m\u0142odo lub spraw rado\u015b\u0107 m\u0142odej damie. Je\u017celi ta sukienka trafi\u0142a w Tw\u00f3j gust, przejd\u017a bezpo\u015brednio do sklepu gdzie jest ona dost\u0119pna dzisiaj, w naprawd\u0119 niewyg\u00f3rowanej cenie.<\/p>\n<p><span style=\"color: #fff; background-color: #000000; padding: 1px 7px;\"><strong>Garnamama<\/strong><\/span><strong><span style=\"margin-left: 5px; color: #fff; background-color: red; padding: 1px 7px;\">69.0 PLN<\/span><\/strong><\/p>\n<p>&nbsp;<\/p>\n<p>&nbsp;<\/p>\n<\/div>\n<p style=\"text-align: center; padding-bottom: 15px;\"><a style=\"color: #fff; font-size: 22px; background-color: red; padding: 9px; border-radius: 7px; text-decoration: underline;\" href=\"https:\/\/converti.se\/click\/d1a346a4-38e971db-b9bf8b53\/?deep_link=https%3A%2F%2Fwww.mall.pl%2Fsukienki-dzieciece%2Fgarnamama-sukienka-dziewczeca-152-biala&#038;sid=sukienki-dziewczece&#038;tag6=product&#038;tag8=8d5901406ce42fc73550b77fa341ffe9&#038;tag9=Garnamama+sukienka+dziewcz%C4%99ca+152+bia%C5%82a\" target=\"_blank\" rel=\"nofollow noopener\">Kup teraz <\/a><\/p>\n<p>&nbsp;<\/p>\n","protected":false},"excerpt":{"rendered":"<p>Garnamama sukienka dziewcz\u0119ca. Cechy i zalety: <\/p>\n<ul style='padding-left: 10px; padding-bottom: 10px;'>\n<li style='padding-top: 10px;'>Sukienka dziewcz\u0119ca z nadrukiem na ca\u0142ej powierzchni i zapi\u0119ciem z przodu\n<li style='padding-top: 10px;'>Wykonana jest z przyjemnej bawe\u0142ny z domieszk\u0105 elastanu\n<li style='padding-top: 10px;'>Dziewcz\u0119ca sukienka Garnamama jest bardzo wygodna i nadaje si\u0119 do noszenia na co dzie\u0144.<\/ul>\n","protected":false},"featured_media":8030,"comment_status":"closed","ping_status":"open","template":"","meta":[],"product_cat":[69],"product_tag":[],"class_list":{"0":"post-6998","1":"product","2":"type-product","3":"status-publish","5":"hentry","6":"product_cat-garnamama","7":"pa_producent-garnamama","8":"pa_sklep-mall-pl"},"_links":{"self":[{"href":"https:\/\/topsukienka.pl\/kids\/wp-json\/wp\/v2\/product\/6998","targetHints":{"allow":["GET"]}}],"collection":[{"href":"https:\/\/topsukienka.pl\/kids\/wp-json\/wp\/v2\/product"}],"about":[{"href":"https:\/\/topsukienka.pl\/kids\/wp-json\/wp\/v2\/types\/product"}],"replies":[{"embeddable":true,"href":"https:\/\/topsukienka.pl\/kids\/wp-json\/wp\/v2\/comments?post=6998"}],"wp:featuredmedia":[{"embeddable":true,"href":"https:\/\/topsukienka.pl\/kids\/wp-json\/wp\/v2\/media\/8030"}],"wp:attachment":[{"href":"https:\/\/topsukienka.pl\/kids\/wp-json\/wp\/v2\/media?parent=6998"}],"wp:term":[{"taxonomy":"product_cat","embeddable":true,"href":"https:\/\/topsukienka.pl\/kids\/wp-json\/wp\/v2\/product_cat?post=6998"},{"taxonomy":"product_tag","embeddable":true,"href":"https:\/\/topsukienka.pl\/kids\/wp-json\/wp\/v2\/product_tag?post=6998"}],"curies":[{"name":"wp","href":"https:\/\/api.w.org\/{rel}","templated":true}]}}