{"id":6970,"date":"2022-04-26T19:03:17","date_gmt":"2022-04-26T19:03:17","guid":{"rendered":"https:\/\/topsukienka.pl\/kids\/kokonoko-sukienka-dresowa-dziewczeca-z-bawelny-organicznej-xkb0905-rozowa-134-140\/"},"modified":"2022-04-26T19:03:18","modified_gmt":"2022-04-26T19:03:18","slug":"kokonoko-sukienka-dresowa-dziewczeca-z-bawelny-organicznej-xkb0905-rozowa-134-140","status":"publish","type":"product","link":"https:\/\/topsukienka.pl\/kids\/kokonoko-sukienka-dresowa-dziewczeca-z-bawelny-organicznej-xkb0905-rozowa-134-140\/","title":{"rendered":"KokoNoko sukienka dresowa dziewcz\u0119ca z bawe\u0142ny organicznej XKB0905 r\u00f3\u017cowa 134\/140"},"content":{"rendered":"<p><img decoding=\"async\" style=\"margin-right: 25px; margin-bottom: 10px; width: 220px; padding: 0px 10px;\" src=\"https:\/\/static.convertiser.com\/media\/product_images\/186\/4196010120b274a80abb804e397a5374\/e4c5e64b156da1c63abfb86b2e1e8cc160ab1ad3.jpg\" alt=\"sukienka w kolorze czerwonym KokoNoko\" align=\"left\" \/><\/p>\n<h2>Sukienka dziewcz\u0119ca<\/h2>\n<p>CENA ORYGINALNA: 99.0 PLN<\/p>\n<div style=\"font-weight: bold; font-size: 18px;\">\n<p>UWAGA <span style=\"color: red;\">MAMY RABATY!<\/span><\/p>\n<p>Szczeg\u00f3\u0142owe parametry takie jak materia\u0142 tej <a style=\"text-decoration: underline; color: red;\" href=\"https:\/\/topsukienka.pl\/kids\/\">sukienki dziewcz\u0119cej<\/a> oraz aktualnie dost\u0119pne promocje sprawdzisz\u00a0 w sklepie Mall.pl. Modna kreacja KokoNoko dla m\u0142odej modelki lub je\u017celi ta sukienka ma odpowiedni rozmiar \ud83d\ude42 to r\u00f3wnie\u017c dla Ciebie. Poczuj si\u0119 dziewcz\u0119co, kobieco i m\u0142odo lub spraw rado\u015b\u0107 m\u0142odej damie. Je\u017celi ta sukienka trafi\u0142a w Tw\u00f3j gust, przejd\u017a bezpo\u015brednio do sklepu gdzie jest ona dost\u0119pna dzisiaj, w naprawd\u0119 niewyg\u00f3rowanej cenie.<\/p>\n<p><span style=\"color: #fff; background-color: #000000; padding: 1px 7px;\"><strong>KokoNoko<\/strong><\/span><strong><span style=\"margin-left: 5px; color: #fff; background-color: red; padding: 1px 7px;\">99.0 PLN<\/span><\/strong><\/p>\n<p>&nbsp;<\/p>\n<p>&nbsp;<\/p>\n<\/div>\n<p style=\"text-align: center; padding-bottom: 15px;\"><a style=\"color: #fff; font-size: 22px; background-color: red; padding: 9px; border-radius: 7px; text-decoration: underline;\" href=\"https:\/\/converti.se\/click\/d1a346a4-38e971db-b9bf8b53\/?deep_link=https%3A%2F%2Fwww.mall.pl%2Fsukienki-dla-niemowlat%2Fkokonoko-sukienka-dresowa-dziewczeca-z-bawelny-organicznej-xkb0905-rozowa-134-140&#038;sid=sukienki-dziewczece&#038;tag6=product&#038;tag8=4196010120b274a80abb804e397a5374&#038;tag9=KokoNoko+sukienka+dresowa+dziewcz%C4%99ca+z+bawe%C5%82ny+organicznej+XKB0905+r%C3%B3%C5%BCowa+134%2F140\" target=\"_blank\" rel=\"nofollow noopener\">Kup teraz <\/a><\/p>\n<p>&nbsp;<\/p>\n","protected":false},"excerpt":{"rendered":"<p>KokoNoko sukienka dresowa. Cechy i zalety: <\/p>\n<ul style='padding-left: 10px; padding-bottom: 10px;'>\n<li style='padding-top: 10px;'>Dziewcz\u0119ca sukienka dresowa z d\u0142ugimi r\u0119kawami i falbankami od marki KokoNoko zosta\u0142a wykonana z wysokiej jako\u015bci, naturalnego materia\u0142u.<\/ul>\n","protected":false},"featured_media":7871,"comment_status":"closed","ping_status":"open","template":"","meta":[],"product_cat":[64],"product_tag":[],"class_list":{"0":"post-6970","1":"product","2":"type-product","3":"status-publish","5":"hentry","6":"product_cat-kokonoko","7":"pa_producent-kokonoko","8":"pa_sklep-mall-pl"},"_links":{"self":[{"href":"https:\/\/topsukienka.pl\/kids\/wp-json\/wp\/v2\/product\/6970","targetHints":{"allow":["GET"]}}],"collection":[{"href":"https:\/\/topsukienka.pl\/kids\/wp-json\/wp\/v2\/product"}],"about":[{"href":"https:\/\/topsukienka.pl\/kids\/wp-json\/wp\/v2\/types\/product"}],"replies":[{"embeddable":true,"href":"https:\/\/topsukienka.pl\/kids\/wp-json\/wp\/v2\/comments?post=6970"}],"wp:featuredmedia":[{"embeddable":true,"href":"https:\/\/topsukienka.pl\/kids\/wp-json\/wp\/v2\/media\/7871"}],"wp:attachment":[{"href":"https:\/\/topsukienka.pl\/kids\/wp-json\/wp\/v2\/media?parent=6970"}],"wp:term":[{"taxonomy":"product_cat","embeddable":true,"href":"https:\/\/topsukienka.pl\/kids\/wp-json\/wp\/v2\/product_cat?post=6970"},{"taxonomy":"product_tag","embeddable":true,"href":"https:\/\/topsukienka.pl\/kids\/wp-json\/wp\/v2\/product_tag?post=6970"}],"curies":[{"name":"wp","href":"https:\/\/api.w.org\/{rel}","templated":true}]}}