{"id":4912,"date":"2022-04-26T19:06:30","date_gmt":"2022-04-26T19:06:30","guid":{"rendered":"https:\/\/topsukienka.pl\/kids\/sukienka-dziewczeca-mandarynkowa\/"},"modified":"2022-04-26T19:06:31","modified_gmt":"2022-04-26T19:06:31","slug":"sukienka-dziewczeca-mandarynkowa","status":"publish","type":"product","link":"https:\/\/topsukienka.pl\/kids\/sukienka-dziewczeca-mandarynkowa\/","title":{"rendered":"Sukienka dziewcz\u0119ca mandarynkowa"},"content":{"rendered":"<p><img decoding=\"async\" style=\"margin-right: 25px; margin-bottom: 10px; width: 220px; padding: 0px 10px;\" src=\"https:\/\/static.convertiser.com\/media\/product_images\/286\/f4df78d6a2e97bd4dc5705f8a6c74125\/559018dbc94d72adb4474506a4f0c7c3da350740.jpg\" alt=\"sukienka w kolorze czerwonym Hultaj Polski\" align=\"left\" \/><\/p>\n<h2>Sukienka dziewcz\u0119ca<\/h2>\n<p>CENA ORYGINALNA: 119.0 PLN<\/p>\n<div style=\"font-weight: bold; font-size: 18px;\">\n<p>UWAGA <span style=\"color: red;\">MAMY RABATY!<\/span><\/p>\n<p>Szczeg\u00f3\u0142owe parametry takie jak materia\u0142 tej <a style=\"text-decoration: underline; color: red;\" href=\"https:\/\/topsukienka.pl\/kids\/\">sukienki dziewcz\u0119cej<\/a> oraz aktualnie dost\u0119pne promocje sprawdzisz\u00a0 w sklepie Hultaj Polski. Modna kreacja Hultaj Polski dla m\u0142odej modelki lub je\u017celi ta sukienka ma odpowiedni rozmiar \ud83d\ude42 to r\u00f3wnie\u017c dla Ciebie. Poczuj si\u0119 dziewcz\u0119co, kobieco i m\u0142odo lub spraw rado\u015b\u0107 m\u0142odej damie. Je\u017celi ta sukienka trafi\u0142a w Tw\u00f3j gust, przejd\u017a bezpo\u015brednio do sklepu gdzie jest ona dost\u0119pna dzisiaj, w naprawd\u0119 niewyg\u00f3rowanej cenie.<\/p>\n<p><span style=\"color: #fff; background-color: #000000; padding: 1px 7px;\"><strong>Hultaj Polski<\/strong><\/span><strong><span style=\"margin-left: 5px; color: #fff; background-color: red; padding: 1px 7px;\">119.0 PLN<\/span><\/strong><\/p>\n<p>&nbsp;<\/p>\n<p>&nbsp;<\/p>\n<\/div>\n<p style=\"text-align: center; padding-bottom: 15px;\"><a style=\"color: #fff; font-size: 22px; background-color: red; padding: 9px; border-radius: 7px; text-decoration: underline;\" href=\"https:\/\/converti.se\/click\/d1a346a4-38e971db-b9bd8a53\/?deep_link=https%3A%2F%2Fsklep.hultajpolski.pl%2Fpl%2Fp%2FSukienka-dziewczeca-mandarynkowa%2F776&#038;sid=sukienki-dziewczece&#038;tag6=product&#038;tag8=f4df78d6a2e97bd4dc5705f8a6c74125&#038;tag9=Sukienka+dziewcz%C4%99ca+mandarynkowa\" target=\"_blank\" rel=\"nofollow noopener\">Kup teraz <\/a><\/p>\n<p>&nbsp;<\/p>\n","protected":false},"excerpt":{"rendered":"<p>Sukienka dziewcz\u0119ca mandarynkowa. Cechy i zalety: <\/p>\n<ul style='padding-left: 10px; padding-bottom: 10px;'>\n<li style='padding-top: 10px;'>Sukienka letnia z dzianiny bawe\u0142nianej\n<li style='padding-top: 10px;'>Elegancja i wygoda s\u0105 wa\u017cne bez wzgl\u0119du na wiek\n<li style='padding-top: 10px;'>Bawe\u0142niana sukienka, lekko rozszerzana ku do\u0142owi, z pewno\u015bci\u0105 b\u0119dzie s\u0142u\u017cy\u0107 ka\u017cdej dziewczynce, kt\u00f3ra lubi si\u0119 rusza\u0107, a jednocze\u015bnie zwraca uwag\u0119 na wygl\u0105d.\u00a0Uszyta zosta\u0142a w soczystym kolorze mandarynki i ozdobiona modnym grafitowym paskiem.Cienka i przewiewna, na ramionach ma trzy zawadiackie fa\u0142dki podkre\u015blaj\u0105ce hultajski charakter\n<li style='padding-top: 10px;'>Je\u015bli chcia\u0142aby\u015b znale\u017a\u0107 tak\u0105 sam\u0105 sukienk\u0119 dla doros\u0142ych, zajrzyj tutaj: LINK W dziale Takie Same mo\u017cesz te\u017c kupi\u0107 komplet dla Mamy i C\u00f3rki w obni\u017conej cenie &#8211; LINKPra\u0107 w pralce w 30-stu stopniach\n<li style='padding-top: 10px;'>Mo\u017cna prasowa\u0107\n<li style='padding-top: 10px;'>Wszystkie nasze produkty szyte s\u0105 w Polsce\n<li style='padding-top: 10px;'>Wykonywane s\u0105 r\u0119cznie w ma\u0142ych pracowniach krawieckich w Warszawie.Do uszycia tej rzeczy wykorzystano polsk\u0105 dzianin\u0119\n<li style='padding-top: 10px;'>Tkanina: dzianina bawe\u0142nianaSk\u0142ad: bawe\u0142na 92%, elastan 8% ROZMIAR SZEROKO\u015a\u0106 W TALII D\u0141UGO\u015a\u0106 PLEC\u00d3W (A) OBW\u00d3D W KLATCE PIERSIOWEJ SZEROKO\u015a\u0106 POD PACHAMI 92\/98 27 50 52 28 104\/110 29 55 56 30 116\/122 31 60 60 32 128\/134 33 68 64\/68 34 140\/146 35 74 72 35<\/ul>\n","protected":false},"featured_media":8193,"comment_status":"closed","ping_status":"open","template":"","meta":[],"product_cat":[84],"product_tag":[],"class_list":{"0":"post-4912","1":"product","2":"type-product","3":"status-publish","5":"hentry","6":"product_cat-hultaj-polski","7":"pa_producent-hultaj-polski","8":"pa_sklep-hultaj-polski"},"_links":{"self":[{"href":"https:\/\/topsukienka.pl\/kids\/wp-json\/wp\/v2\/product\/4912","targetHints":{"allow":["GET"]}}],"collection":[{"href":"https:\/\/topsukienka.pl\/kids\/wp-json\/wp\/v2\/product"}],"about":[{"href":"https:\/\/topsukienka.pl\/kids\/wp-json\/wp\/v2\/types\/product"}],"replies":[{"embeddable":true,"href":"https:\/\/topsukienka.pl\/kids\/wp-json\/wp\/v2\/comments?post=4912"}],"wp:featuredmedia":[{"embeddable":true,"href":"https:\/\/topsukienka.pl\/kids\/wp-json\/wp\/v2\/media\/8193"}],"wp:attachment":[{"href":"https:\/\/topsukienka.pl\/kids\/wp-json\/wp\/v2\/media?parent=4912"}],"wp:term":[{"taxonomy":"product_cat","embeddable":true,"href":"https:\/\/topsukienka.pl\/kids\/wp-json\/wp\/v2\/product_cat?post=4912"},{"taxonomy":"product_tag","embeddable":true,"href":"https:\/\/topsukienka.pl\/kids\/wp-json\/wp\/v2\/product_tag?post=4912"}],"curies":[{"name":"wp","href":"https:\/\/api.w.org\/{rel}","templated":true}]}}